{"id":5393,"date":"2025-07-18T07:44:42","date_gmt":"2025-07-18T05:44:42","guid":{"rendered":"https:\/\/fdp-porta.de\/FDP\/?page_id=5393"},"modified":"2025-07-29T21:27:57","modified_gmt":"2025-07-29T19:27:57","slug":"kreistagswahl","status":"publish","type":"page","link":"https:\/\/fdp-porta.de\/FDP\/kreistagswahl\/","title":{"rendered":"Kommunalwahl 2025 &#8211; Wahl des Kreistags"},"content":{"rendered":"\n<p>Am 14. September 2025 wird auch der Kreistag des Kreises Minden-L\u00fcbbecke neu gew\u00e4hlt. Und dabei z\u00e4hlt Ihre Stimme direkt \u2013 im wahrsten Sinne des Wortes.<\/p>\n\n\n\n<p>Der Kreis ist in sogenannte Kreiswahlbezirke eingeteilt. In Porta Westfalica gibt es drei solcher Bezirke \u2013 zus\u00e4tzlich f\u00e4llt auch der Ortsteil Barkhausen (Nord und S\u00fcd) in einen angrenzenden Mindener Wahlbezirk. In jedem dieser Bezirke tritt jeweils eine Person an, die die Interessen der Region im Kreistag vertreten m\u00f6chte. Wer in seinem Kreiswahlbezirk die meisten Stimmen erh\u00e4lt, bekommt das Direktmandat f\u00fcr den Kreistag.<\/p>\n\n\n\n<p>Das Besondere: Sie haben nur eine Stimme, aber die z\u00e4hlt doppelt. Mit einem Kreuz unterst\u00fctzen Sie eine bestimmte Person aus Ihrer Region \u2013 und gleichzeitig auch die Partei, f\u00fcr die diese Person antritt. Diese Stimmen flie\u00dfen in die Berechnung ein, wie viele Sitze die Partei insgesamt im Kreistag bekommt.<\/p>\n\n\n\n<p>Kurz gesagt:<\/p>\n\n\n\n<ul class=\"wp-block-list\">\n<li>Sie w\u00e4hlen eine Person aus Ihrem Kreiswahlbezirk.<\/li>\n\n\n\n<li>Wer die meisten Stimmen bekommt, zieht direkt in den Kreistag ein.<\/li>\n\n\n\n<li>Ihre Stimme z\u00e4hlt au\u00dferdem f\u00fcr die Sitzverteilung der Partei im gesamten Kreis.<\/li>\n\n\n\n<li>Sie haben nur eine Stimme \u2013 keine Zweitstimme wie bei Bundestagswahlen.<\/li>\n<\/ul>\n\n\n\n<p>So k\u00f6nnen Sie mit einem einzigen Kreuz gleich doppelt mitentscheiden \u2013 f\u00fcr Ihre Region und f\u00fcr die politischen Mehrheiten im Kreis.<\/p>\n\n\n\n<h2 class=\"wp-block-heading has-text-align-center\">Unsere Kandidaten f\u00fcr den Kreistag<\/h2>\n\n\n\n<p>F\u00fcr die Kreistagswahl am 14. September 2025 ist Porta Westfalica in drei Kreiswahlbezirke unterteilt. In jedem dieser Bezirke tritt eine Kandidatin oder ein Kandidat an, um die Interessen unserer Stadt im Kreistag zu vertreten:<\/p>\n\n\n<div class=\"wp-block-image\">\n<figure class=\"aligncenter size-large\"><a href=\"https:\/\/fdp-porta.de\/FDP\/wp-content\/uploads\/2025\/07\/Kreistags_Wahl.jpg\"><img loading=\"lazy\" decoding=\"async\" width=\"1024\" height=\"1024\" src=\"https:\/\/fdp-porta.de\/FDP\/wp-content\/uploads\/2025\/07\/Kreistags_Wahl-1024x1024.jpg\" alt=\"\" class=\"wp-image-5439\" srcset=\"https:\/\/fdp-porta.de\/FDP\/wp-content\/uploads\/2025\/07\/Kreistags_Wahl-1024x1024.jpg 1024w, https:\/\/fdp-porta.de\/FDP\/wp-content\/uploads\/2025\/07\/Kreistags_Wahl-300x300.jpg 300w, https:\/\/fdp-porta.de\/FDP\/wp-content\/uploads\/2025\/07\/Kreistags_Wahl-150x150.jpg 150w, https:\/\/fdp-porta.de\/FDP\/wp-content\/uploads\/2025\/07\/Kreistags_Wahl-768x768.jpg 768w, https:\/\/fdp-porta.de\/FDP\/wp-content\/uploads\/2025\/07\/Kreistags_Wahl-1536x1536.jpg 1536w, https:\/\/fdp-porta.de\/FDP\/wp-content\/uploads\/2025\/07\/Kreistags_Wahl.jpg 2048w\" sizes=\"auto, (max-width: 1024px) 100vw, 1024px\" \/><\/a><\/figure>\n<\/div>\n\n\n<p class=\"has-text-align-center\"><strong>Kreiswahlbezirk 09<\/strong><\/p>\n\n\n\n<p class=\"has-text-align-center\"><strong>Ortsteile: Neesen, Neu-Lerbeck, Neesen\/Lerbeck, Nammen, W\u00fclpke, Kleinenbremen-West, Kleinenbremen<\/strong><\/p>\n\n\n<div class=\"wp-block-image\">\n<figure class=\"aligncenter size-large is-resized\"><a href=\"https:\/\/fdp-porta.de\/FDP\/wp-content\/uploads\/2025\/07\/Kreis_Marc.jpg\"><img loading=\"lazy\" decoding=\"async\" width=\"683\" height=\"1024\" src=\"https:\/\/fdp-porta.de\/FDP\/wp-content\/uploads\/2025\/07\/Kreis_Marc-683x1024.jpg\" alt=\"\" class=\"wp-image-5449\" style=\"width:444px;height:auto\" srcset=\"https:\/\/fdp-porta.de\/FDP\/wp-content\/uploads\/2025\/07\/Kreis_Marc-683x1024.jpg 683w, https:\/\/fdp-porta.de\/FDP\/wp-content\/uploads\/2025\/07\/Kreis_Marc-200x300.jpg 200w, https:\/\/fdp-porta.de\/FDP\/wp-content\/uploads\/2025\/07\/Kreis_Marc-768x1152.jpg 768w, https:\/\/fdp-porta.de\/FDP\/wp-content\/uploads\/2025\/07\/Kreis_Marc-1024x1536.jpg 1024w, https:\/\/fdp-porta.de\/FDP\/wp-content\/uploads\/2025\/07\/Kreis_Marc.jpg 1365w\" sizes=\"auto, (max-width: 683px) 100vw, 683px\" \/><\/a><figcaption class=\"wp-element-caption\"><strong>Kandidat: Marc Kornhardt<\/strong><\/figcaption><\/figure>\n<\/div>\n\n\n<p class=\"has-text-align-center\"><strong>Kreiswahlbezirk 10<\/strong><\/p>\n\n\n\n<p class=\"has-text-align-center\"><strong>Ortsteile: Holtrup, Vennebeck, Costedt, Holzhausen-Hitzepohl, Holzhausen, Hausberge-Findel, Hausberge-Mitte, Hausberge-Nord<\/strong><\/p>\n\n\n<div class=\"wp-block-image\">\n<figure class=\"aligncenter size-large is-resized\"><a href=\"https:\/\/fdp-porta.de\/FDP\/wp-content\/uploads\/2025\/07\/Kreis_Susanne.jpg\"><img loading=\"lazy\" decoding=\"async\" width=\"683\" height=\"1024\" src=\"https:\/\/fdp-porta.de\/FDP\/wp-content\/uploads\/2025\/07\/Kreis_Susanne-683x1024.jpg\" alt=\"\" class=\"wp-image-5450\" style=\"width:448px;height:auto\" srcset=\"https:\/\/fdp-porta.de\/FDP\/wp-content\/uploads\/2025\/07\/Kreis_Susanne-683x1024.jpg 683w, https:\/\/fdp-porta.de\/FDP\/wp-content\/uploads\/2025\/07\/Kreis_Susanne-200x300.jpg 200w, https:\/\/fdp-porta.de\/FDP\/wp-content\/uploads\/2025\/07\/Kreis_Susanne-768x1152.jpg 768w, https:\/\/fdp-porta.de\/FDP\/wp-content\/uploads\/2025\/07\/Kreis_Susanne-1024x1536.jpg 1024w, https:\/\/fdp-porta.de\/FDP\/wp-content\/uploads\/2025\/07\/Kreis_Susanne.jpg 1365w\" sizes=\"auto, (max-width: 683px) 100vw, 683px\" \/><\/a><figcaption class=\"wp-element-caption\"><strong>Kandidatin: Gertrud Susanne Engelking<\/strong><\/figcaption><\/figure>\n<\/div>\n\n\n<p class=\"has-text-align-center\"><strong>Kreiswahlbezirk 11<\/strong><\/p>\n\n\n\n<p class=\"has-text-align-center\"><strong>Ortsteile: Eisbergen-Ost, Eisbergen-F\u00fclme, Eisbergen-West, Veltheim, M\u00f6llbergen, Vennebecker Bruch, Lohfeld, Veltheim-Nord<\/strong><\/p>\n\n\n<div class=\"wp-block-image\">\n<figure class=\"aligncenter size-large is-resized\"><a href=\"https:\/\/fdp-porta.de\/FDP\/wp-content\/uploads\/2025\/07\/Kreis_Christoph.jpg\"><img decoding=\"async\" src=\"https:\/\/fdp-porta.de\/FDP\/wp-content\/uploads\/2025\/07\/Kreis_Christoph-683x1024.jpg\" alt=\"\" class=\"wp-image-5451\" style=\"width:450px;height:auto\"\/><\/a><figcaption class=\"wp-element-caption\"><strong>Kandidat: Christoph Fiedler<\/strong><\/figcaption><\/figure>\n<\/div>\n\n\n<p class=\"has-text-align-center\"><strong>Hinweis:<\/strong> Die Ortsteile Barkhausen-Nord und Barkhausen-S\u00fcd geh\u00f6ren wahltechnisch zum Mindener Kreiswahlbezirk und werden dort separat ber\u00fccksichtigt.<\/p>\n\n\n\n<p><\/p>\n","protected":false},"excerpt":{"rendered":"<p>Am 14. September 2025 wird auch der Kreistag des Kreises Minden-L\u00fcbbecke neu gew\u00e4hlt. Und dabei z\u00e4hlt Ihre Stimme direkt \u2013 im wahrsten Sinne des Wortes. Der Kreis ist in sogenannte Kreiswahlbezirke eingeteilt. In Porta Westfalica gibt es drei solcher Bezirke \u2013 zus\u00e4tzlich f\u00e4llt auch der Ortsteil Barkhausen (Nord und S\u00fcd) in einen angrenzenden Mindener Wahlbezirk. [&hellip;]<\/p>\n","protected":false},"author":5,"featured_media":0,"parent":0,"menu_order":0,"comment_status":"closed","ping_status":"closed","template":"","meta":{"footnotes":""},"class_list":["post-5393","page","type-page","status-publish","hentry"],"featured_image_src":null,"_links":{"self":[{"href":"https:\/\/fdp-porta.de\/FDP\/wp-json\/wp\/v2\/pages\/5393","targetHints":{"allow":["GET"]}}],"collection":[{"href":"https:\/\/fdp-porta.de\/FDP\/wp-json\/wp\/v2\/pages"}],"about":[{"href":"https:\/\/fdp-porta.de\/FDP\/wp-json\/wp\/v2\/types\/page"}],"author":[{"embeddable":true,"href":"https:\/\/fdp-porta.de\/FDP\/wp-json\/wp\/v2\/users\/5"}],"replies":[{"embeddable":true,"href":"https:\/\/fdp-porta.de\/FDP\/wp-json\/wp\/v2\/comments?post=5393"}],"version-history":[{"count":9,"href":"https:\/\/fdp-porta.de\/FDP\/wp-json\/wp\/v2\/pages\/5393\/revisions"}],"predecessor-version":[{"id":5459,"href":"https:\/\/fdp-porta.de\/FDP\/wp-json\/wp\/v2\/pages\/5393\/revisions\/5459"}],"wp:attachment":[{"href":"https:\/\/fdp-porta.de\/FDP\/wp-json\/wp\/v2\/media?parent=5393"}],"curies":[{"name":"wp","href":"https:\/\/api.w.org\/{rel}","templated":true}]}}