{"id":5385,"date":"2025-07-17T13:50:12","date_gmt":"2025-07-17T11:50:12","guid":{"rendered":"https:\/\/fdp-porta.de\/FDP\/?page_id=5385"},"modified":"2025-07-17T13:50:56","modified_gmt":"2025-07-17T11:50:56","slug":"kommunalwahl-wahlbezirk-18","status":"publish","type":"page","link":"https:\/\/fdp-porta.de\/FDP\/kommunalwahl-wahlbezirk-18\/","title":{"rendered":"Gertrud Susanne \u202fEngelking"},"content":{"rendered":"\n<h3 class=\"wp-block-heading has-text-align-center\"><strong>Ihre FDP-Kandidatin f\u00fcr Wahlbezirk 18 \u2013 Hausberge-Nord<\/strong><\/h3>\n\n\n\n<p class=\"has-text-align-center\"><strong>Verl\u00e4sslich, engagiert, humorvoll \u2013 f\u00fcr eine lebenswerte Stadt in Freiheit und Frieden.<\/strong><\/p>\n\n\n<div class=\"wp-block-image\">\n<figure class=\"aligncenter size-large is-resized\"><a href=\"https:\/\/fdp-porta.de\/FDP\/wp-content\/uploads\/2025\/07\/Bild_Susanne.jpg\"><img loading=\"lazy\" decoding=\"async\" width=\"683\" height=\"1024\" src=\"https:\/\/fdp-porta.de\/FDP\/wp-content\/uploads\/2025\/07\/Bild_Susanne-683x1024.jpg\" alt=\"\" class=\"wp-image-5386\" style=\"width:443px;height:auto\" srcset=\"https:\/\/fdp-porta.de\/FDP\/wp-content\/uploads\/2025\/07\/Bild_Susanne-683x1024.jpg 683w, https:\/\/fdp-porta.de\/FDP\/wp-content\/uploads\/2025\/07\/Bild_Susanne-200x300.jpg 200w, https:\/\/fdp-porta.de\/FDP\/wp-content\/uploads\/2025\/07\/Bild_Susanne-768x1152.jpg 768w, https:\/\/fdp-porta.de\/FDP\/wp-content\/uploads\/2025\/07\/Bild_Susanne-1024x1536.jpg 1024w, https:\/\/fdp-porta.de\/FDP\/wp-content\/uploads\/2025\/07\/Bild_Susanne.jpg 1365w\" sizes=\"auto, (max-width: 683px) 100vw, 683px\" \/><\/a><\/figure>\n<\/div>\n\n\n<p>Susanne Engelking ist 71 Jahre alt, geboren in Holtrup, aufgewachsen in Holzhausen und Vennebeck \u2013 Porta ist ihr Zuhause seit Kindheitstagen. Nach der Familiengr\u00fcndung lebte sie viele Jahre in Kleinenbremen, heute ist sie in Hausberge verwurzelt. Sie engagiert sich mit gro\u00dfem Einsatz f\u00fcr die Freien Demokraten und bringt dabei ihre Lebenserfahrung und ihr Verantwortungsbewusstsein aktiv ein.&nbsp;<\/p>\n\n\n\n<p>Heimat bedeutet f\u00fcr sie Geborgenheit, Vertrauen und Verantwortung \u2013 Werte, die sie weitergeben m\u00f6chte. Als \u00fcberzeugte Demokratin ist es ihr ein Herzensanliegen, sich f\u00fcr Freiheit, Bildung und gesellschaftlichen Zusammenhalt stark zu machen. Sie setzt sich f\u00fcr mehr Verkehrssicherheit in Hausberge ein, insbesondere am Frettholzweg, und sieht in der Bildung den entscheidenden Schl\u00fcssel f\u00fcr eine starke Gesellschaft.&nbsp;<\/p>\n\n\n\n<p>Ver\u00e4nderung braucht Mut, Erfahrung und Verl\u00e4sslichkeit \u2013 genau das bringt Susanne Engelking mit. Und wenn sie nicht gerade politisch unterwegs ist, genie\u00dft sie spontane Ausfl\u00fcge oder entspannte Tage mit Kindern und Enkeln \u2013 ganz ohne Termindruck.<\/p>\n\n\n\n<ul class=\"wp-block-list\">\n<li><strong>Name:<\/strong> Engelking<\/li>\n\n\n\n<li><strong>Vorname:<\/strong> Gertrud Susanne<\/li>\n\n\n\n<li><strong>Wohnort:<\/strong> Hausberge<\/li>\n\n\n\n<li><strong>Alter:<\/strong> 71<\/li>\n<\/ul>\n\n\n\n<ul class=\"wp-block-list\">\n<li><strong>Was bedeutet \u201eHeimat\u201c f\u00fcr Dich?<\/strong><br>Ort an dem ich mich wohlf\u00fchle, meinen Lebensmittelpunkt habe und mich geborgen f\u00fchle.<br><\/li>\n\n\n\n<li><strong>Wie sieht dein perfekter Sonntag aus?<\/strong><br>Ohne Zeit- bzw. Termindruck nach Lust und Laune Aktivit\u00e4ten planen, Kinder und Enkelkinder besuchen oder einfach chillen<br><\/li>\n\n\n\n<li><strong>Dein Lieblingsort in Porta:<\/strong><br>S\u00fcdhang in Lohfeld mit grandiosem Ausblick auf die sch\u00f6ne Landschaft<br><\/li>\n\n\n\n<li><strong>Du in 3 Worten:<\/strong><br>Verantwortungsvoll, zuverl\u00e4ssig, humorvoll<br><\/li>\n\n\n\n<li><strong>Warum ich kandidiere:<\/strong><br>Mein Beitrag f\u00fcr den Erhalt einer friedlichen und\u00a0<br>freiheitlichen Demokratie<br><\/li>\n\n\n\n<li><strong>Was willst du der n\u00e4chsten Generation hinterlassen:<\/strong><br>Eine friedliche und lebenswerte Umwelt.<br><\/li>\n\n\n\n<li><strong>Fun Fact \u00fcber mich<\/strong>:<br>Mit Schlangen und Affen im tropischen Regenwald von Costa Rica<br><\/li>\n\n\n\n<li><strong>Welche Ver\u00e4nderung w\u00fcrdest du am liebsten sofort umsetzen:<\/strong><br>Verkehrssicherungsma\u00dfnahmen an der Eisberger Stra\u00dfe\/Frettholzweg in\u00a0<br>Hausberge<br><\/li>\n\n\n\n<li><strong>In welchem Bereich siehst du aktuell den gr\u00f6\u00dften Handlungsbedarf:<\/strong><br>Bildung, Bildung, Bildung\u2026Gesellschaftlich: Jugendkriminalit\u00e4t eind\u00e4mmen<br><\/li>\n\n\n\n<li><strong>Was war dein pers\u00f6nlicher \u201eAha-Moment\u201c bei dem du dachtest: Jetzt mache ich mit!<\/strong>\u202f\u00a0<br>Das war eine Reihe von Momenten, die mich zum Entschluss gef\u00fchrt haben, \u00a0<br>politisch mitzugestalten und Verantwortung zu tragen<\/li>\n<\/ul>\n\n\n\n<p class=\"has-text-align-center\"><strong>Du m\u00f6chtest mit Susanne Engelking ins Gespr\u00e4ch kommen?<\/strong>\u00a0<br>Gerne per E-Mail an <a href=\"mailto:engelking@fdp-porta.de\">engelking@fdp-porta.de<\/a><\/p>\n","protected":false},"excerpt":{"rendered":"<p>Ihre FDP-Kandidatin f\u00fcr Wahlbezirk 18 \u2013 Hausberge-Nord Verl\u00e4sslich, engagiert, humorvoll \u2013 f\u00fcr eine lebenswerte Stadt in Freiheit und Frieden. Susanne Engelking ist 71 Jahre alt, geboren in Holtrup, aufgewachsen in Holzhausen und Vennebeck \u2013 Porta ist ihr Zuhause seit Kindheitstagen. Nach der Familiengr\u00fcndung lebte sie viele Jahre in Kleinenbremen, heute ist sie in Hausberge verwurzelt. [&hellip;]<\/p>\n","protected":false},"author":5,"featured_media":0,"parent":0,"menu_order":0,"comment_status":"closed","ping_status":"closed","template":"","meta":{"footnotes":""},"class_list":["post-5385","page","type-page","status-publish","hentry"],"featured_image_src":null,"_links":{"self":[{"href":"https:\/\/fdp-porta.de\/FDP\/wp-json\/wp\/v2\/pages\/5385","targetHints":{"allow":["GET"]}}],"collection":[{"href":"https:\/\/fdp-porta.de\/FDP\/wp-json\/wp\/v2\/pages"}],"about":[{"href":"https:\/\/fdp-porta.de\/FDP\/wp-json\/wp\/v2\/types\/page"}],"author":[{"embeddable":true,"href":"https:\/\/fdp-porta.de\/FDP\/wp-json\/wp\/v2\/users\/5"}],"replies":[{"embeddable":true,"href":"https:\/\/fdp-porta.de\/FDP\/wp-json\/wp\/v2\/comments?post=5385"}],"version-history":[{"count":1,"href":"https:\/\/fdp-porta.de\/FDP\/wp-json\/wp\/v2\/pages\/5385\/revisions"}],"predecessor-version":[{"id":5387,"href":"https:\/\/fdp-porta.de\/FDP\/wp-json\/wp\/v2\/pages\/5385\/revisions\/5387"}],"wp:attachment":[{"href":"https:\/\/fdp-porta.de\/FDP\/wp-json\/wp\/v2\/media?parent=5385"}],"curies":[{"name":"wp","href":"https:\/\/api.w.org\/{rel}","templated":true}]}}