{"id":5381,"date":"2025-07-17T13:40:45","date_gmt":"2025-07-17T11:40:45","guid":{"rendered":"https:\/\/fdp-porta.de\/FDP\/?page_id=5381"},"modified":"2025-07-21T15:29:05","modified_gmt":"2025-07-21T13:29:05","slug":"kommunalwahl-wahlbezirk-17","status":"publish","type":"page","link":"https:\/\/fdp-porta.de\/FDP\/kommunalwahl-wahlbezirk-17\/","title":{"rendered":"Rolf Tebbe"},"content":{"rendered":"\n<h3 class=\"wp-block-heading has-text-align-center\"><strong>Ihr FDP-Kandidat f\u00fcr Wahlbezirk 17 \u2013 Hausberge-Mitte<\/strong><\/h3>\n\n\n\n<p class=\"has-text-align-center\"><strong>Verl\u00e4sslich, sachlich, l\u00f6sungsorientiert \u2013 f\u00fcr ein lebenswertes Porta.<\/strong><\/p>\n\n\n<div class=\"wp-block-image\">\n<figure class=\"aligncenter size-large is-resized\"><a href=\"https:\/\/fdp-porta.de\/FDP\/wp-content\/uploads\/2025\/07\/Bild_Rolf-1.jpg\"><img loading=\"lazy\" decoding=\"async\" width=\"683\" height=\"1024\" src=\"https:\/\/fdp-porta.de\/FDP\/wp-content\/uploads\/2025\/07\/Bild_Rolf-1-683x1024.jpg\" alt=\"\" class=\"wp-image-5427\" style=\"width:444px;height:auto\" srcset=\"https:\/\/fdp-porta.de\/FDP\/wp-content\/uploads\/2025\/07\/Bild_Rolf-1-683x1024.jpg 683w, https:\/\/fdp-porta.de\/FDP\/wp-content\/uploads\/2025\/07\/Bild_Rolf-1-200x300.jpg 200w, https:\/\/fdp-porta.de\/FDP\/wp-content\/uploads\/2025\/07\/Bild_Rolf-1-768x1152.jpg 768w, https:\/\/fdp-porta.de\/FDP\/wp-content\/uploads\/2025\/07\/Bild_Rolf-1-1024x1536.jpg 1024w, https:\/\/fdp-porta.de\/FDP\/wp-content\/uploads\/2025\/07\/Bild_Rolf-1.jpg 1365w\" sizes=\"auto, (max-width: 683px) 100vw, 683px\" \/><\/a><\/figure>\n<\/div>\n\n\n<p>Rolf Tebbe ist 61 Jahre alt, Elektroingenieur und als Pr\u00fcf-Sachverst\u00e4ndiger f\u00fcr elektrische Anlagen bei der DEKRA t\u00e4tig. Er lebt mit seiner Frau im Dreil\u00e4ndereck von Lohfeld, Veltheim und Hausberge. Seine Wurzeln hat er in Holzhausen \u2013 und auch in der Politik: Schon sein Vater war liberal engagiert. Heute verbindet Rolf diesen Geist mit eigener Erfahrung \u2013 f\u00fcr ein Porta, das auch morgen noch funktioniert.&nbsp;<\/p>\n\n\n\n<p>F\u00fcr ihn ist Politik eine Frage der Verantwortung. Meckern kann jeder \u2013 gefragt sind Menschen, die bereit sind, mit anzupacken. Rolf bringt sich mit technischem Sachverstand, Kompromissf\u00e4higkeit und klarer Haltung ein. Besonders wichtig sind ihm eine solide Infrastruktur, eine gute Versorgung \u2013 von Schulen bis zur \u00e4rztlichen Betreuung \u2013 und eine beschleunigte Umsetzung kommunaler Bauprojekte. Auch bei der Digitalisierung sieht er gro\u00dfen Nachholbedarf.&nbsp;<\/p>\n\n\n\n<p>Und wenn es mal nicht um Strom oder Stadtentwicklung geht, ist er entweder auf dem Rad unterwegs, als Trompeter aktiv oder am Herd mit dem Kochclub Porta.<\/p>\n\n\n\n<ul class=\"wp-block-list\">\n<li><strong>Name:<\/strong> Tebbe<\/li>\n\n\n\n<li><strong>Vorname:<\/strong> Rolf<\/li>\n\n\n\n<li><strong>Wohnort:<\/strong> Hacksiekstr. 4, 32457 Porta Westfalica (Lohfeld)&nbsp;<\/li>\n\n\n\n<li><strong>Alter:<\/strong> 61<\/li>\n\n\n\n<li><strong>Beruf \/ Ausbildung:<\/strong> Elektroingenieur, Pr\u00fcf-Sachverst\u00e4ndiger f\u00fcr elektrische Anlagen<\/li>\n<\/ul>\n\n\n\n<ul class=\"wp-block-list\">\n<li><strong>Was bedeutet \u201eHeimat\u201c f\u00fcr Dich?<\/strong><br>Ist mehr so ein Gef\u00fchl, nicht unbedingt ein Ort<br><\/li>\n\n\n\n<li><strong>Wie sieht dein perfekter Sonntag aus?<\/strong><br>Fahrradfahren, Eis-Essen, Kaffee-Trinken<br><\/li>\n\n\n\n<li><strong>Dein Lieblingsort in Porta:<\/strong><br>irgendetwas outside: Feld und Wald, Ausblick von der Wittekindsburg z.B.<br><\/li>\n\n\n\n<li><strong>Du in 3 Worten:<\/strong><br>verl\u00e4sslich und anst\u00e4ndig (hoffe ich), kompromissf\u00e4hig<br><\/li>\n\n\n\n<li><strong>Warum ich kandidiere<\/strong>:<br>meckern kann jeder, gestalten ist gefragt.<br><\/li>\n\n\n\n<li><strong>Was willst du der n\u00e4chsten Generation hinterlassen:<\/strong><br>lebenswertes Porta f\u00fcr alle Generationen, gesicherte Schulen, Schwimmbad, Versorgung (z.B. \u00c4rzte, Einkaufsm\u00f6glichkeit), sinnvoller Verkehrsmix<br><\/li>\n\n\n\n<li><strong>Fun Fact \u00fcber mich:<\/strong><br>Mitglied im Kochclub Porta Westfalica, jedes Jahr einen Alpencross, Trompete<br><\/li>\n\n\n\n<li><strong>Welche Ver\u00e4nderung w\u00fcrdest du am liebsten sofort umsetzen:<\/strong><br>mehr Digitalisierung<br><\/li>\n\n\n\n<li><strong>In welchem Bereich siehst du aktuell den gr\u00f6\u00dften Handlungsbedarf<\/strong>:<br>in der zeitnahen Umsetzung von geplanten Bauprojekten<br><\/li>\n\n\n\n<li><strong>Was war dein pers\u00f6nlicher \u201eAha-Moment\u201c bei dem du dachtest: Jetzt mache ich mit!<\/strong><br>Ich habe mein FDP-Mandat quasi von meinem Vater (FDP Gemeinderat Holzhausen Porta bis 1973, danach FDP Porta Westfalica) \u201egeerbt\u201c. Der liberale Gedanke passt in mein Weltbild. So viel Staat wie n\u00f6tig, so wenig Staat wie m\u00f6glich.<\/li>\n<\/ul>\n\n\n\n<p class=\"has-text-align-center\"><strong>Du m\u00f6chtest mit Rolf Tebbe ins Gespr\u00e4ch kommen?<\/strong>&nbsp;<br>Gerne per E-Mail an <a href=\"mailto:tebbe@fdp-porta.de\">tebbe@fdp-porta.de<\/a><\/p>\n\n\n\n<p><\/p>\n","protected":false},"excerpt":{"rendered":"<p>Ihr FDP-Kandidat f\u00fcr Wahlbezirk 17 \u2013 Hausberge-Mitte Verl\u00e4sslich, sachlich, l\u00f6sungsorientiert \u2013 f\u00fcr ein lebenswertes Porta. Rolf Tebbe ist 61 Jahre alt, Elektroingenieur und als Pr\u00fcf-Sachverst\u00e4ndiger f\u00fcr elektrische Anlagen bei der DEKRA t\u00e4tig. Er lebt mit seiner Frau im Dreil\u00e4ndereck von Lohfeld, Veltheim und Hausberge. Seine Wurzeln hat er in Holzhausen \u2013 und auch in der [&hellip;]<\/p>\n","protected":false},"author":5,"featured_media":0,"parent":0,"menu_order":0,"comment_status":"closed","ping_status":"closed","template":"","meta":{"footnotes":""},"class_list":["post-5381","page","type-page","status-publish","hentry"],"featured_image_src":null,"_links":{"self":[{"href":"https:\/\/fdp-porta.de\/FDP\/wp-json\/wp\/v2\/pages\/5381","targetHints":{"allow":["GET"]}}],"collection":[{"href":"https:\/\/fdp-porta.de\/FDP\/wp-json\/wp\/v2\/pages"}],"about":[{"href":"https:\/\/fdp-porta.de\/FDP\/wp-json\/wp\/v2\/types\/page"}],"author":[{"embeddable":true,"href":"https:\/\/fdp-porta.de\/FDP\/wp-json\/wp\/v2\/users\/5"}],"replies":[{"embeddable":true,"href":"https:\/\/fdp-porta.de\/FDP\/wp-json\/wp\/v2\/comments?post=5381"}],"version-history":[{"count":2,"href":"https:\/\/fdp-porta.de\/FDP\/wp-json\/wp\/v2\/pages\/5381\/revisions"}],"predecessor-version":[{"id":5437,"href":"https:\/\/fdp-porta.de\/FDP\/wp-json\/wp\/v2\/pages\/5381\/revisions\/5437"}],"wp:attachment":[{"href":"https:\/\/fdp-porta.de\/FDP\/wp-json\/wp\/v2\/media?parent=5381"}],"curies":[{"name":"wp","href":"https:\/\/api.w.org\/{rel}","templated":true}]}}