{"id":5376,"date":"2025-07-17T13:27:45","date_gmt":"2025-07-17T11:27:45","guid":{"rendered":"https:\/\/fdp-porta.de\/FDP\/?page_id=5376"},"modified":"2025-07-25T08:06:19","modified_gmt":"2025-07-25T06:06:19","slug":"kommunalwahl-wahlbezirk-16","status":"publish","type":"page","link":"https:\/\/fdp-porta.de\/FDP\/kommunalwahl-wahlbezirk-16\/","title":{"rendered":"Oliver Liedtke"},"content":{"rendered":"\n<h3 class=\"wp-block-heading has-text-align-center\"><strong>Ihr FDP-Kandidat f\u00fcr Wahlbezirk 16 \u2013 Hausberge Findel<\/strong><\/h3>\n\n\n\n<p class=\"has-text-align-center\"><strong>Zuverl\u00e4ssig, hilfsbereit, zielorientiert \u2013 f\u00fcr eine Stadt, die zusammenh\u00e4lt.<\/strong><\/p>\n\n\n<div class=\"wp-block-image\">\n<figure class=\"aligncenter size-large is-resized\"><a href=\"https:\/\/fdp-porta.de\/FDP\/wp-content\/uploads\/2025\/07\/Bild_Oliver.jpg\"><img loading=\"lazy\" decoding=\"async\" width=\"683\" height=\"1024\" src=\"https:\/\/fdp-porta.de\/FDP\/wp-content\/uploads\/2025\/07\/Bild_Oliver-683x1024.jpg\" alt=\"\" class=\"wp-image-5377\" style=\"width:444px;height:auto\" srcset=\"https:\/\/fdp-porta.de\/FDP\/wp-content\/uploads\/2025\/07\/Bild_Oliver-683x1024.jpg 683w, https:\/\/fdp-porta.de\/FDP\/wp-content\/uploads\/2025\/07\/Bild_Oliver-200x300.jpg 200w, https:\/\/fdp-porta.de\/FDP\/wp-content\/uploads\/2025\/07\/Bild_Oliver-768x1152.jpg 768w, https:\/\/fdp-porta.de\/FDP\/wp-content\/uploads\/2025\/07\/Bild_Oliver-1024x1536.jpg 1024w, https:\/\/fdp-porta.de\/FDP\/wp-content\/uploads\/2025\/07\/Bild_Oliver.jpg 1365w\" sizes=\"auto, (max-width: 683px) 100vw, 683px\" \/><\/a><\/figure>\n<\/div>\n\n\n<p>Oliver Liedtke ist 59 Jahre alt, verheiratet, Vater eines erwachsenen Sohnes und wohnt mit seiner Familie und dem Familienhund in Barkhausen. Er ist Bankbetriebswirt und arbeitet als Anlageberater bei der Sparkasse Minden-L\u00fcbbecke. Auch in seiner Freizeit ist er aktiv \u2013 ob beim Laufen von Halbmarathons oder in der politischen Diskussion: F\u00fcr ihn z\u00e4hlt Ausdauer ebenso wie klare Ziele.&nbsp;<\/p>\n\n\n\n<p>Zur FDP kam er 2018 \u2013 aus \u00dcberzeugung, dass liberale Politik vor Ort etwas bewirken kann. Als jemand, der lieber gestaltet als nur kritisiert, setzt er sich im Stadtrat f\u00fcr gute Bildung, starke Vereinsstrukturen und eine solide Finanzpolitik ein. Besonders am Herzen liegt ihm die F\u00f6rderung des Ehrenamts \u2013 als R\u00fcckgrat des gesellschaftlichen Zusammenhalts.&nbsp;<\/p>\n\n\n\n<p>Sein perfekter Sonntag beginnt mit einem Spaziergang mit dem Hund, gefolgt von einem ausgiebigen Fr\u00fchst\u00fcck, einer Laufrunde \u2013 und einem entspannten Tatort-Abend. So wie beim Laufen kommt er auch in der Politik am besten voran: Schritt f\u00fcr Schritt und mit einem klaren Ziel vor Augen.<\/p>\n\n\n\n<ul class=\"wp-block-list\">\n<li><strong>Name:<\/strong> Liedtke<\/li>\n\n\n\n<li><strong>Vorname:<\/strong> Oliver<\/li>\n\n\n\n<li><strong>Wohnort:<\/strong> Barkhausen<\/li>\n\n\n\n<li><strong>Alter:<\/strong> 59<\/li>\n\n\n\n<li><strong>Beruf \/ Ausbildung:<\/strong> Ich arbeite in der Anlageberatung der Sparkasse Minden-L\u00fcbbecke<\/li>\n<\/ul>\n\n\n\n<ul class=\"wp-block-list\">\n<li><strong>Was bedeutet \u201eHeimat\u201c f\u00fcr Dich?<\/strong><br>Heimat ist f\u00fcr mich der Ort an dem ich lebe und ich meine lieben Leute um mich habe.<br><\/li>\n\n\n\n<li><strong>Wie sieht dein perfekter Sonntag aus?<\/strong><br>Der Sonntag startet mit einem Hundespaziergang, dann fr\u00fchst\u00fccke ich in aller Ruhe, anschlie\u00dfend noch eine l\u00e4ngere Laufrunde und abends der Tatort<br><\/li>\n\n\n\n<li><strong>Dein Lieblingsort in Porta:<\/strong><br>Alle Wege und Stra\u00dfen wo ich gut laufen kann<br><\/li>\n\n\n\n<li><strong>Du in 3 Worten:<\/strong><br>Hilfsbereit \u2013 Strukturiert &#8211; Zielstrebig<br><\/li>\n\n\n\n<li><strong>Warum ich kandidiere:<\/strong><br>Ich glaube mit guten Ideen l\u00e4sst sich viel f\u00fcr unser Porta erreichen.<br><\/li>\n\n\n\n<li><strong>Was willst du der n\u00e4chsten Generation hinterlassen:<\/strong><br>Eine sehr gute Frage: Auch wenn es platt und abgedroschen klingt: Ich m\u00f6chte gerne, dass es auch in Zukunft angenehm ist in Porta (und auf der Welt) zu leben.<br><\/li>\n\n\n\n<li><strong>Fun Fact \u00fcber mich:<\/strong><br>Ich lese total gerne Videotext-Nachrichten, da werde ich wahrscheinlich der letzte Mensch sein der dies tut. Aber dort sind die Infos kurz und knapp zusammengefasst.<br><\/li>\n\n\n\n<li><strong>Welche Ver\u00e4nderung w\u00fcrdest du am liebsten sofort umsetzen:<\/strong><br>Ich w\u00fcnsche mir, dass wir mit R\u00fccksicht und Respekt miteinander umgehen. Viele Mitb\u00fcrger leben so und mit dieser Grundeinstellung l\u00e4sst sich eine Menge erreichen.<br><\/li>\n\n\n\n<li><strong>In Welchem Bereich siehst du aktuell den gr\u00f6\u00dften Handlungsbedarf:<\/strong><br>Ganz klar im Bereich Bildung sowie Ehrenamt aber auch Finanzen.<br><\/li>\n\n\n\n<li><strong>Was war dein pers\u00f6nlicher \u201eAha-Moment\u201c bei dem du dachtest: Jetzt mache ich mit!<\/strong><br>Das war 2018 als sehr viel \u00fcber Politik und Politiker gemeckert wurde, aber kaum einer sich direkt engagiert hat. Da hab ich mir gedacht versuch es doch einfach mal selber.<\/li>\n<\/ul>\n\n\n\n<p class=\"has-text-align-center\"><strong>Du m\u00f6chtest mit Oliver Liedtke ins Gespr\u00e4ch kommen?<\/strong>&nbsp;<br>Gerne per E-Mail an <a href=\"mailto:liedtke@fdp-porta.de\">liedtke@fdp-porta.de<\/a><\/p>\n","protected":false},"excerpt":{"rendered":"<p>Ihr FDP-Kandidat f\u00fcr Wahlbezirk 16 \u2013 Hausberge Findel Zuverl\u00e4ssig, hilfsbereit, zielorientiert \u2013 f\u00fcr eine Stadt, die zusammenh\u00e4lt. Oliver Liedtke ist 59 Jahre alt, verheiratet, Vater eines erwachsenen Sohnes und wohnt mit seiner Familie und dem Familienhund in Barkhausen. Er ist Bankbetriebswirt und arbeitet als Anlageberater bei der Sparkasse Minden-L\u00fcbbecke. Auch in seiner Freizeit ist er [&hellip;]<\/p>\n","protected":false},"author":5,"featured_media":0,"parent":0,"menu_order":0,"comment_status":"closed","ping_status":"closed","template":"","meta":{"footnotes":""},"class_list":["post-5376","page","type-page","status-publish","hentry"],"featured_image_src":null,"_links":{"self":[{"href":"https:\/\/fdp-porta.de\/FDP\/wp-json\/wp\/v2\/pages\/5376","targetHints":{"allow":["GET"]}}],"collection":[{"href":"https:\/\/fdp-porta.de\/FDP\/wp-json\/wp\/v2\/pages"}],"about":[{"href":"https:\/\/fdp-porta.de\/FDP\/wp-json\/wp\/v2\/types\/page"}],"author":[{"embeddable":true,"href":"https:\/\/fdp-porta.de\/FDP\/wp-json\/wp\/v2\/users\/5"}],"replies":[{"embeddable":true,"href":"https:\/\/fdp-porta.de\/FDP\/wp-json\/wp\/v2\/comments?post=5376"}],"version-history":[{"count":2,"href":"https:\/\/fdp-porta.de\/FDP\/wp-json\/wp\/v2\/pages\/5376\/revisions"}],"predecessor-version":[{"id":5456,"href":"https:\/\/fdp-porta.de\/FDP\/wp-json\/wp\/v2\/pages\/5376\/revisions\/5456"}],"wp:attachment":[{"href":"https:\/\/fdp-porta.de\/FDP\/wp-json\/wp\/v2\/media?parent=5376"}],"curies":[{"name":"wp","href":"https:\/\/api.w.org\/{rel}","templated":true}]}}