{"id":5370,"date":"2025-07-17T12:53:34","date_gmt":"2025-07-17T10:53:34","guid":{"rendered":"https:\/\/fdp-porta.de\/FDP\/?page_id=5370"},"modified":"2025-07-17T12:55:04","modified_gmt":"2025-07-17T10:55:04","slug":"kommunalwahl-wahlbezirk-15","status":"publish","type":"page","link":"https:\/\/fdp-porta.de\/FDP\/kommunalwahl-wahlbezirk-15\/","title":{"rendered":"Dirk Neitmann"},"content":{"rendered":"\n<h3 class=\"wp-block-heading has-text-align-center\"><strong>Ihr FDP-Kandidat f\u00fcr Wahlbezirk 15 \u2013 Holzhausen<\/strong><\/h3>\n\n\n\n<p class=\"has-text-align-center\"><strong>Technisch versiert, heimatverbunden, l\u00f6sungsorientiert \u2013 f\u00fcr ein zukunftsf\u00e4higes Porta.<\/strong><\/p>\n\n\n<div class=\"wp-block-image\">\n<figure class=\"aligncenter size-large is-resized\"><a href=\"https:\/\/fdp-porta.de\/FDP\/wp-content\/uploads\/2025\/07\/Bild_Dirk.jpg\"><img loading=\"lazy\" decoding=\"async\" width=\"683\" height=\"1024\" src=\"https:\/\/fdp-porta.de\/FDP\/wp-content\/uploads\/2025\/07\/Bild_Dirk-683x1024.jpg\" alt=\"\" class=\"wp-image-5371\" style=\"width:456px;height:auto\" srcset=\"https:\/\/fdp-porta.de\/FDP\/wp-content\/uploads\/2025\/07\/Bild_Dirk-683x1024.jpg 683w, https:\/\/fdp-porta.de\/FDP\/wp-content\/uploads\/2025\/07\/Bild_Dirk-200x300.jpg 200w, https:\/\/fdp-porta.de\/FDP\/wp-content\/uploads\/2025\/07\/Bild_Dirk-768x1152.jpg 768w, https:\/\/fdp-porta.de\/FDP\/wp-content\/uploads\/2025\/07\/Bild_Dirk-1024x1536.jpg 1024w, https:\/\/fdp-porta.de\/FDP\/wp-content\/uploads\/2025\/07\/Bild_Dirk.jpg 1365w\" sizes=\"auto, (max-width: 683px) 100vw, 683px\" \/><\/a><\/figure>\n<\/div>\n\n\n<p>Dirk Neitmann ist 57 Jahre alt, Elektroingenieur und leitet bei einem heimischen Maschinenbauunternehmen den Bereich Elektrotechnik. Geboren und aufgewachsen in Holzhausen, lebt er heute mit seiner Familie im Ort. F\u00fcr ihn ist Heimat mehr als ein Ort \u2013 es ist der Zusammenhalt vor Ort, das Gef\u00fchl von Sicherheit und das Bewusstsein, aktiv etwas beitragen zu k\u00f6nnen.&nbsp;<\/p>\n\n\n\n<p>Als technikaffiner T\u00fcftler mit Blick f\u00fcr smarte, pragmatische L\u00f6sungen sieht Dirk Neitmann besonders in der Digitalisierung gro\u00dfes Potenzial f\u00fcr Porta Westfalica \u2013 in Verwaltung, Infrastruktur und im Alltag. Er setzt sich f\u00fcr ein digitaleres, flexibleres und klimagerechtes Porta ein \u2013 mit einer Verwaltung, die mitdenkt, mitw\u00e4chst und f\u00fcr die Menschen da ist.&nbsp;<\/p>\n\n\n\n<p>Neben Digitalisierung liegen ihm flexible Bauvorgaben, eine gute wirtschaftliche Entwicklung und der Schutz vor Starkregenfolgen am Herzen. Seinen \u201eAha-Moment\u201c hatte er, als er erkannte, wie viel Potenzial in Porta ungenutzt bleibt \u2013 und dass es jemanden braucht, der nicht nur kritisiert, sondern mit anpackt.<\/p>\n\n\n\n<ul class=\"wp-block-list\">\n<li><strong>Name:<\/strong> Neitmann<\/li>\n\n\n\n<li><strong>Vorname:<\/strong> Dirk<\/li>\n\n\n\n<li><strong>Wohnort:<\/strong> Holzhausen<\/li>\n\n\n\n<li><strong>Alter:<\/strong> 57<\/li>\n\n\n\n<li><strong>Beruf \/ Ausbildung:<\/strong> Elektroingenieur<\/li>\n<\/ul>\n\n\n\n<ul class=\"wp-block-list\">\n<li><strong>Was bedeutet \u201eHeimat\u201c f\u00fcr Dich?<\/strong><br>Heimat ist f\u00fcr mich der Ort, an dem meine Familie und ich Wurzeln schlagen konnten, wo ich mich sicher und wohlf\u00fchle und mich aktiv f\u00fcr die Gemeinschaft einbringen kann. Es ist der Zusammenhalt untereinander und die M\u00f6glichkeit, die Zukunft unseres Porta Westfalica aktiv mitzugestalten.<br><\/li>\n\n\n\n<li><strong>Wie sieht dein perfekter Sonntag aus?<\/strong><br>Mein perfekter Sonntag beginnt entspannt mit einem gemeinsamen Fr\u00fchst\u00fcck mit meiner Familie. Danach w\u00fcrde ich gerne etwas Zeit im Freien verbringen, vielleicht ein Spaziergang mit der Familie und dem Hund entlang der Weser oder im Wiehengebirge. Am Nachmittag k\u00f6nnte ich mich dann einem meiner Hobbys widmen oder mich einfach mit einem guten Buch entspannen. Der Tag w\u00fcrde mit einem gem\u00fctlichen Abendessen und Gespr\u00e4chen mit meinen Lieben ausklingen.<br><\/li>\n\n\n\n<li><strong>Dein Lieblingsort in Porta:<\/strong><br>Gro\u00dfer Weserbogen<br><\/li>\n\n\n\n<li><strong>Du in 3 Worten:<\/strong><br>Kreativ, Verantwortungsbewusst, L\u00f6sungsorientiert<br><\/li>\n\n\n\n<li><strong>Warum ich kandidiere:<\/strong><br>Ich kandidiere, weil ich mich aktiv f\u00fcr eine zukunftsorientierte Entwicklung von Porta Westfalica einsetzen m\u00f6chte. Als Elektroingenieur bin ich es gewohnt, komplexe Herausforderungen analytisch anzugehen und pragmatische L\u00f6sungen zu finden. Ich m\u00f6chte meine Erfahrungen und mein Wissen nutzen, um unsere Stadt digitaler, flexibler und lebenswerter zu gestalten und dabei die Wirtschaft zu st\u00e4rken, damit Porta Westfalica auch f\u00fcr die n\u00e4chste Generation attraktiv bleibt.<br><\/li>\n\n\n\n<li><strong>Was willst du der n\u00e4chsten Generation hinterlassen:<\/strong><br>Ein besseres und lebenswerteres Porta Westfalica<br><\/li>\n\n\n\n<li><strong>Fun Fact \u00fcber mich:<\/strong><br>Abseits meiner Leidenschaft f\u00fcr Elektrotechnik und die Planung von Zukunftsl\u00f6sungen, wie smarten Alltagshelfern, bin ich fasziniert von der Milit\u00e4rgeschichte \u2013 es ist erstaunlich zu sehen, wie technische Innovationen oft unter Druck entstanden sind und wie diese die Geschichte gepr\u00e4gt haben. Und privat t\u00fcftele ich gerne an smarten L\u00f6sungen, um unser Zuhause noch effizienter und komfortabler zu machen.<br><\/li>\n\n\n\n<li><strong>Welche Ver\u00e4nderung w\u00fcrdest du am liebsten sofort umsetzen:<\/strong><br>Mehr Flexibilit\u00e4t im Baurecht (weniger Vorschriften, mehr M\u00f6glichkeiten), mehr auf Klimaanpassung zu achten (Plan f\u00fcr Starkregen), mehr Digitalisierung (Porta App)<br><\/li>\n\n\n\n<li><strong>In welchem Bereich siehst du aktuell den gr\u00f6\u00dften Handlungsbedarf:<\/strong><br>Digitalisierung<br><\/li>\n\n\n\n<li><strong>Was war dein pers\u00f6nlicher \u201eAha-Moment\u201c bei dem du dachtest: Jetzt mache ich mit!<\/strong><br>Mein \u201eAha-Moment\u201c kam, als ich realisierte, wie viel Potenzial in unserer Stadt ungenutzt bleibt, besonders im Bereich der Digitalisierung und der b\u00fcrgernahen Verwaltung. Ich sah, dass meine technischen Kenntnisse und meine Erfahrung in der Probleml\u00f6sung einen echten Mehrwert f\u00fcr Porta Westfalica bieten k\u00f6nnten und dass es an der Zeit ist, selbst anzupacken, anstatt nur zuzusehen. Die M\u00f6glichkeit, konkrete Verbesserungen f\u00fcr die B\u00fcrger und Unternehmen umzusetzen, motivierte mich schlie\u00dflich, aktiv zu werden.<\/li>\n<\/ul>\n\n\n\n<p class=\"has-text-align-center\"><strong>Du m\u00f6chtest mit Dirk Neitmann ins Gespr\u00e4ch kommen?<\/strong>\u00a0<br>Gerne per E-Mail an <a href=\"mailto:neitmann@fdp-porta.de\">neitmann@fdp-porta.de<\/a><\/p>\n","protected":false},"excerpt":{"rendered":"<p>Ihr FDP-Kandidat f\u00fcr Wahlbezirk 15 \u2013 Holzhausen Technisch versiert, heimatverbunden, l\u00f6sungsorientiert \u2013 f\u00fcr ein zukunftsf\u00e4higes Porta. Dirk Neitmann ist 57 Jahre alt, Elektroingenieur und leitet bei einem heimischen Maschinenbauunternehmen den Bereich Elektrotechnik. Geboren und aufgewachsen in Holzhausen, lebt er heute mit seiner Familie im Ort. F\u00fcr ihn ist Heimat mehr als ein Ort \u2013 es [&hellip;]<\/p>\n","protected":false},"author":5,"featured_media":0,"parent":0,"menu_order":0,"comment_status":"closed","ping_status":"closed","template":"","meta":{"footnotes":""},"class_list":["post-5370","page","type-page","status-publish","hentry"],"featured_image_src":null,"_links":{"self":[{"href":"https:\/\/fdp-porta.de\/FDP\/wp-json\/wp\/v2\/pages\/5370","targetHints":{"allow":["GET"]}}],"collection":[{"href":"https:\/\/fdp-porta.de\/FDP\/wp-json\/wp\/v2\/pages"}],"about":[{"href":"https:\/\/fdp-porta.de\/FDP\/wp-json\/wp\/v2\/types\/page"}],"author":[{"embeddable":true,"href":"https:\/\/fdp-porta.de\/FDP\/wp-json\/wp\/v2\/users\/5"}],"replies":[{"embeddable":true,"href":"https:\/\/fdp-porta.de\/FDP\/wp-json\/wp\/v2\/comments?post=5370"}],"version-history":[{"count":1,"href":"https:\/\/fdp-porta.de\/FDP\/wp-json\/wp\/v2\/pages\/5370\/revisions"}],"predecessor-version":[{"id":5372,"href":"https:\/\/fdp-porta.de\/FDP\/wp-json\/wp\/v2\/pages\/5370\/revisions\/5372"}],"wp:attachment":[{"href":"https:\/\/fdp-porta.de\/FDP\/wp-json\/wp\/v2\/media?parent=5370"}],"curies":[{"name":"wp","href":"https:\/\/api.w.org\/{rel}","templated":true}]}}