{"id":5362,"date":"2025-07-17T11:53:37","date_gmt":"2025-07-17T09:53:37","guid":{"rendered":"https:\/\/fdp-porta.de\/FDP\/?page_id=5362"},"modified":"2025-07-17T12:02:13","modified_gmt":"2025-07-17T10:02:13","slug":"kommunalwahl-wahlbezirk-14","status":"publish","type":"page","link":"https:\/\/fdp-porta.de\/FDP\/kommunalwahl-wahlbezirk-14\/","title":{"rendered":"Klaus-Dieter Hinz\u202f"},"content":{"rendered":"\n<h3 class=\"wp-block-heading has-text-align-center\"><strong>Ihr FDP-Kandidat f\u00fcr Wahlbezirk 14 \u2013 Holzhausen-Hitzepohl<\/strong><\/h3>\n\n\n\n<p class=\"has-text-align-center\"><strong>Portaner durch und durch \u2013 mit Erfahrung, Bodenhaftung und dem Blick f\u00fcr das Wesentliche.<\/strong><\/p>\n\n\n<div class=\"wp-block-image\">\n<figure class=\"aligncenter size-large is-resized\"><a href=\"https:\/\/fdp-porta.de\/FDP\/wp-content\/uploads\/2025\/07\/Bild_Klaus-Dieter.jpg\"><img loading=\"lazy\" decoding=\"async\" width=\"683\" height=\"1024\" src=\"https:\/\/fdp-porta.de\/FDP\/wp-content\/uploads\/2025\/07\/Bild_Klaus-Dieter-683x1024.jpg\" alt=\"\" class=\"wp-image-5365\" style=\"width:474px;height:auto\" srcset=\"https:\/\/fdp-porta.de\/FDP\/wp-content\/uploads\/2025\/07\/Bild_Klaus-Dieter-683x1024.jpg 683w, https:\/\/fdp-porta.de\/FDP\/wp-content\/uploads\/2025\/07\/Bild_Klaus-Dieter-200x300.jpg 200w, https:\/\/fdp-porta.de\/FDP\/wp-content\/uploads\/2025\/07\/Bild_Klaus-Dieter-768x1152.jpg 768w, https:\/\/fdp-porta.de\/FDP\/wp-content\/uploads\/2025\/07\/Bild_Klaus-Dieter-1024x1536.jpg 1024w, https:\/\/fdp-porta.de\/FDP\/wp-content\/uploads\/2025\/07\/Bild_Klaus-Dieter.jpg 1365w\" sizes=\"auto, (max-width: 683px) 100vw, 683px\" \/><\/a><\/figure>\n<\/div>\n\n\n<p>Klaus-Dieter Hinz ist 64 Jahre alt, gelernter Kraftwerksmeister, heute im Ruhestand \u2013 und seit Mitte der 1980er fest in Holzhausen verwurzelt. F\u00fcr ihn ist Porta Westfalica nicht nur der Ort, an dem er lebt, sondern Heimat im besten Sinne: gepr\u00e4gt durch Verl\u00e4sslichkeit, Naturverbundenheit und ein ehrliches Miteinander.&nbsp;<\/p>\n\n\n\n<p>Ob mit dem Fahrrad an der Weser, im eigenen Garten oder bei der Arbeit in der M\u00fchlengruppe \u2013 Klaus-Dieter wei\u00df, was den Ortsteil lebenswert macht. Sein politischer Einsatz gilt dem Erhalt dieses Lebensgef\u00fchls \u2013 f\u00fcr alle Generationen.&nbsp;<\/p>\n\n\n\n<p>Besonders wichtig ist ihm die pers\u00f6nliche Unterst\u00fctzung von Gewerbetreibenden, die sich in Porta ansiedeln oder erweitern m\u00f6chten. Wer anpackt, soll nicht ausgebremst werden \u2013 sondern verl\u00e4ssliche Hilfe bekommen.&nbsp;<\/p>\n\n\n\n<p>Sein Aha-Moment kam bei der aktiven Beteiligung an der Neugestaltung des Grundschulhofs: Wer vor Ort mitgestaltet, kann direkt etwas bewegen \u2013 und genau das treibt ihn an.<\/p>\n\n\n\n<ul class=\"wp-block-list\">\n<li><strong>Name:<\/strong> Hinz<\/li>\n\n\n\n<li><strong>Vorname:<\/strong> Klaus-Dieter<\/li>\n\n\n\n<li><strong>Wohnort:<\/strong> Porta Wetsfalica Holzhausen<\/li>\n\n\n\n<li><strong>Alter:<\/strong> 64<\/li>\n\n\n\n<li><strong>Beruf \/ Ausbildung:<\/strong> Rentner \/ KFZ-Mechaniker, Bootsmechaniker, Kesselw\u00e4rter, Kraftwerker und Kraftwerksmeister<\/li>\n<\/ul>\n\n\n\n<ul class=\"wp-block-list\">\n<li><strong>Was bedeutet \u201eHeimat\u201c f\u00fcr Dich?<\/strong><br>Jeden Tag den Kaiser Wilhelm sehen zu d\u00fcrfen.<br><\/li>\n\n\n\n<li><strong>Wie sieht dein perfekter Sonntag aus?<\/strong><br>Eine Fahrradtour entlang der Weser.<br><\/li>\n\n\n\n<li><strong>Dein Lieblingsort in Porta:<\/strong><br>Unser Garten<br><\/li>\n\n\n\n<li><strong>Du in 3 Worten:<\/strong><br>bodenst\u00e4ndig, gelassen, berechenbar und erfahren<br><\/li>\n\n\n\n<li><strong>Warum ich kandidiere:<\/strong><br>Um Porta Westfalica lebenswert zu erhalten<br><\/li>\n\n\n\n<li><strong>Was willst du der n\u00e4chsten Generation hinterlassen:<\/strong><br>Ein genau so sch\u00f6nes Porta Westfalica, f\u00fcr meine Kinder und Enkelkinder, wie ich es erleben durfte<br><\/li>\n\n\n\n<li><strong>Fun Fact \u00fcber mich:<\/strong><br>spontan lustig und sarkastisch<br><\/li>\n\n\n\n<li><strong>In welchem Bereich siehst du aktuell den gr\u00f6\u00dften Handlungsbedarf:<\/strong><br>Pers\u00f6nliche Betreuung und Unterst\u00fctzung f\u00fcr Gewerbetreibende, welche sich neu ansiedeln oder erweitern m\u00f6chten<br><\/li>\n\n\n\n<li><strong>Was war dein pers\u00f6nlicher \u201eAha-Moment\u201c bei dem du dachtest: Jetzt mache ich mit!<\/strong><br>Bei der M\u00fchlengruppe in Holzhausen und der Neugestaltung des Schulhofes an der Grundschule.<\/li>\n<\/ul>\n\n\n\n<p class=\"has-text-align-center\"><strong>Du m\u00f6chtest mit Klaus-Dieter Hinz ins Gespr\u00e4ch kommen?<\/strong>\u00a0<br>Gerne per E-Mail an <a href=\"mailto:hinz@fdp-porta.de\">hinz@fdp-porta.de<\/a><\/p>\n\n\n\n<p><\/p>\n","protected":false},"excerpt":{"rendered":"<p>Ihr FDP-Kandidat f\u00fcr Wahlbezirk 14 \u2013 Holzhausen-Hitzepohl Portaner durch und durch \u2013 mit Erfahrung, Bodenhaftung und dem Blick f\u00fcr das Wesentliche. Klaus-Dieter Hinz ist 64 Jahre alt, gelernter Kraftwerksmeister, heute im Ruhestand \u2013 und seit Mitte der 1980er fest in Holzhausen verwurzelt. F\u00fcr ihn ist Porta Westfalica nicht nur der Ort, an dem er lebt, [&hellip;]<\/p>\n","protected":false},"author":5,"featured_media":0,"parent":0,"menu_order":0,"comment_status":"closed","ping_status":"closed","template":"","meta":{"footnotes":""},"class_list":["post-5362","page","type-page","status-publish","hentry"],"featured_image_src":null,"_links":{"self":[{"href":"https:\/\/fdp-porta.de\/FDP\/wp-json\/wp\/v2\/pages\/5362","targetHints":{"allow":["GET"]}}],"collection":[{"href":"https:\/\/fdp-porta.de\/FDP\/wp-json\/wp\/v2\/pages"}],"about":[{"href":"https:\/\/fdp-porta.de\/FDP\/wp-json\/wp\/v2\/types\/page"}],"author":[{"embeddable":true,"href":"https:\/\/fdp-porta.de\/FDP\/wp-json\/wp\/v2\/users\/5"}],"replies":[{"embeddable":true,"href":"https:\/\/fdp-porta.de\/FDP\/wp-json\/wp\/v2\/comments?post=5362"}],"version-history":[{"count":2,"href":"https:\/\/fdp-porta.de\/FDP\/wp-json\/wp\/v2\/pages\/5362\/revisions"}],"predecessor-version":[{"id":5367,"href":"https:\/\/fdp-porta.de\/FDP\/wp-json\/wp\/v2\/pages\/5362\/revisions\/5367"}],"wp:attachment":[{"href":"https:\/\/fdp-porta.de\/FDP\/wp-json\/wp\/v2\/media?parent=5362"}],"curies":[{"name":"wp","href":"https:\/\/api.w.org\/{rel}","templated":true}]}}