{"id":5353,"date":"2025-07-17T11:13:11","date_gmt":"2025-07-17T09:13:11","guid":{"rendered":"https:\/\/fdp-porta.de\/FDP\/?page_id=5353"},"modified":"2025-07-17T11:13:52","modified_gmt":"2025-07-17T09:13:52","slug":"kommunalwahl-wahlbezirk-13","status":"publish","type":"page","link":"https:\/\/fdp-porta.de\/FDP\/kommunalwahl-wahlbezirk-13\/","title":{"rendered":"Thomas M\u00fcller"},"content":{"rendered":"\n<h3 class=\"wp-block-heading has-text-align-center\">I<strong>hr FDP-Kandidat f\u00fcr Wahlbezirk 13 \u2013 Holtrup, Vennebeck, Costedt<\/strong><\/h3>\n\n\n\n<p class=\"has-text-align-center\"><strong>Erfahrung, die zuh\u00f6rt \u2013 f\u00fcr unsere D\u00f6rfer und alle Generationen.<\/strong><\/p>\n\n\n<div class=\"wp-block-image\">\n<figure class=\"aligncenter size-large is-resized\"><a href=\"https:\/\/fdp-porta.de\/FDP\/wp-content\/uploads\/2025\/07\/Bild_Thomas.jpg\"><img loading=\"lazy\" decoding=\"async\" width=\"683\" height=\"1024\" src=\"https:\/\/fdp-porta.de\/FDP\/wp-content\/uploads\/2025\/07\/Bild_Thomas-683x1024.jpg\" alt=\"\" class=\"wp-image-5354\" style=\"width:460px;height:auto\" srcset=\"https:\/\/fdp-porta.de\/FDP\/wp-content\/uploads\/2025\/07\/Bild_Thomas-683x1024.jpg 683w, https:\/\/fdp-porta.de\/FDP\/wp-content\/uploads\/2025\/07\/Bild_Thomas-200x300.jpg 200w, https:\/\/fdp-porta.de\/FDP\/wp-content\/uploads\/2025\/07\/Bild_Thomas-768x1152.jpg 768w, https:\/\/fdp-porta.de\/FDP\/wp-content\/uploads\/2025\/07\/Bild_Thomas-1024x1536.jpg 1024w, https:\/\/fdp-porta.de\/FDP\/wp-content\/uploads\/2025\/07\/Bild_Thomas.jpg 1365w\" sizes=\"auto, (max-width: 683px) 100vw, 683px\" \/><\/a><\/figure>\n<\/div>\n\n\n<p>Thomas M\u00fcller ist 78 Jahre alt, Hotelkaufmann im Ruhestand, Familienmensch und seit fast f\u00fcnf Jahrzehnten in Porta zuhause. Seine Enkel leben im Wahlbezirk, und auch politisch wie privat ist er mit Holtrup und Holzhausen tief verbunden.&nbsp;<\/p>\n\n\n\n<p>Er bringt nicht nur Erfahrung mit, sondern auch ein echtes Interesse an den Menschen vor Ort. Ob als Lesepate in Kita und Grundschule oder als engagiertes Mitglied im Seniorenbeirat \u2013 Thomas M\u00fcller zeigt, wie generationen\u00fcbergreifendes Miteinander ganz praktisch funktioniert.&nbsp;<\/p>\n\n\n\n<p>Sein politisches Ziel ist klar: Seniorinnen und Senioren sollen mitgestalten k\u00f6nnen \u2013 mit bezahlbarem, altersgerechtem Wohnraum, mehr Selbstbestimmung im Alltag und einer Stadt, die R\u00fccksicht nimmt. Gleichzeitig liegen ihm Kinder, Bildung und das soziale Miteinander am Herzen.&nbsp;<\/p>\n\n\n\n<p>Sein Lieblingsweg ist der Weserradweg \u2013 mit dem Rad unterwegs sein, Natur genie\u00dfen und gleichzeitig Gedanken sortieren. Oder einfach mit Liebe backen: Schwarzw\u00e4lder Kirschtorte geht immer.<\/p>\n\n\n\n<ul class=\"wp-block-list\">\n<li><strong>Name:<\/strong> M\u00fcller<\/li>\n\n\n\n<li><strong>Vorname:<\/strong> Thomas<\/li>\n\n\n\n<li><strong>Wohnort:<\/strong> PoW &#8211; Barkhausen<\/li>\n\n\n\n<li><strong>Alter:<\/strong> 78<\/li>\n\n\n\n<li><strong>Beruf \/ Ausbildung:<\/strong> Hotelkaufmann<\/li>\n<\/ul>\n\n\n\n<ul class=\"wp-block-list\">\n<li><strong>Was bedeutet \u201eHeimat\u201c f\u00fcr Dich?<\/strong><br>Porta ist meine 3. Heimat nun seit 47 Jahren. Hier bin ich zuhause<br><\/li>\n\n\n\n<li><strong>Dein Lieblingsort in Porta:<\/strong><br>der Weserradweg<br><\/li>\n\n\n\n<li><strong>Du in 3 Worten:\u202f<\/strong><br>Familienmensch, hilfsbereit, Radfahrfreak<br><\/li>\n\n\n\n<li><strong>Warum ich kandidiere:<\/strong><br>damit auch die Senioren in der Kommunalpolitik eine Stimme haben<br><\/li>\n\n\n\n<li><strong>Was willst du der n\u00e4chsten Generation hinterlassen:<\/strong><br>eine hoffentlich friedliche Welt<br><\/li>\n\n\n\n<li><strong>Fun Fact \u00fcber mich:<\/strong><br>Ich backe gern am liebsten : Schwarzw\u00e4lder Kirschtorte<br><\/li>\n\n\n\n<li><strong>Welche Ver\u00e4nderung w\u00fcrdest du am liebsten sofort umsetzen:<\/strong><br>selbstbestimmte, seniorengerechte Wohnungen mit angedockten Serviceleistungen<br><\/li>\n\n\n\n<li><strong>Was war dein pers\u00f6nlicher \u201eAha-Moment\u201c bei dem du dachtest: Jetzt mache ich mit!<\/strong><br>FDP Mitglied zu sein, ist in unserer Familie ansteckend<\/li>\n<\/ul>\n\n\n\n<p class=\"has-text-align-center\"><strong>Du m\u00f6chtest mit Thomas M\u00fcller ins Gespr\u00e4ch kommen?<\/strong>\u00a0<br>Gerne per E-Mail an <a href=\"mailto:mueller@fdp-porta.de\">mueller@fdp-porta.de<\/a><\/p>\n\n\n\n<p><\/p>\n","protected":false},"excerpt":{"rendered":"<p>Ihr FDP-Kandidat f\u00fcr Wahlbezirk 13 \u2013 Holtrup, Vennebeck, Costedt Erfahrung, die zuh\u00f6rt \u2013 f\u00fcr unsere D\u00f6rfer und alle Generationen. Thomas M\u00fcller ist 78 Jahre alt, Hotelkaufmann im Ruhestand, Familienmensch und seit fast f\u00fcnf Jahrzehnten in Porta zuhause. Seine Enkel leben im Wahlbezirk, und auch politisch wie privat ist er mit Holtrup und Holzhausen tief verbunden.&nbsp; [&hellip;]<\/p>\n","protected":false},"author":5,"featured_media":0,"parent":0,"menu_order":0,"comment_status":"closed","ping_status":"closed","template":"","meta":{"footnotes":""},"class_list":["post-5353","page","type-page","status-publish","hentry"],"featured_image_src":null,"_links":{"self":[{"href":"https:\/\/fdp-porta.de\/FDP\/wp-json\/wp\/v2\/pages\/5353","targetHints":{"allow":["GET"]}}],"collection":[{"href":"https:\/\/fdp-porta.de\/FDP\/wp-json\/wp\/v2\/pages"}],"about":[{"href":"https:\/\/fdp-porta.de\/FDP\/wp-json\/wp\/v2\/types\/page"}],"author":[{"embeddable":true,"href":"https:\/\/fdp-porta.de\/FDP\/wp-json\/wp\/v2\/users\/5"}],"replies":[{"embeddable":true,"href":"https:\/\/fdp-porta.de\/FDP\/wp-json\/wp\/v2\/comments?post=5353"}],"version-history":[{"count":1,"href":"https:\/\/fdp-porta.de\/FDP\/wp-json\/wp\/v2\/pages\/5353\/revisions"}],"predecessor-version":[{"id":5355,"href":"https:\/\/fdp-porta.de\/FDP\/wp-json\/wp\/v2\/pages\/5353\/revisions\/5355"}],"wp:attachment":[{"href":"https:\/\/fdp-porta.de\/FDP\/wp-json\/wp\/v2\/media?parent=5353"}],"curies":[{"name":"wp","href":"https:\/\/api.w.org\/{rel}","templated":true}]}}