{"id":5333,"date":"2025-07-17T10:10:36","date_gmt":"2025-07-17T08:10:36","guid":{"rendered":"https:\/\/fdp-porta.de\/FDP\/?page_id=5333"},"modified":"2025-07-17T10:11:31","modified_gmt":"2025-07-17T08:11:31","slug":"kommunalwahl-wahlbezirk-10","status":"publish","type":"page","link":"https:\/\/fdp-porta.de\/FDP\/kommunalwahl-wahlbezirk-10\/","title":{"rendered":"Christoph Fiedler"},"content":{"rendered":"\n<h3 class=\"wp-block-heading has-text-align-center\"><strong>Ihr FDP-Kandidat f\u00fcr Wahlbezirk 10 \u2013 Eisbergen West<\/strong><\/h3>\n\n\n\n<p class=\"has-text-align-center\"><strong>Verantwortung \u00fcbernehmen. Politik greifbar machen. Vor Ort bewegen.<\/strong><\/p>\n\n\n<div class=\"wp-block-image\">\n<figure class=\"aligncenter size-large is-resized\"><a href=\"https:\/\/fdp-porta.de\/FDP\/wp-content\/uploads\/2025\/07\/Bild_Christoph.jpg\"><img loading=\"lazy\" decoding=\"async\" width=\"683\" height=\"1024\" src=\"https:\/\/fdp-porta.de\/FDP\/wp-content\/uploads\/2025\/07\/Bild_Christoph-683x1024.jpg\" alt=\"\" class=\"wp-image-5334\" style=\"width:468px;height:auto\" srcset=\"https:\/\/fdp-porta.de\/FDP\/wp-content\/uploads\/2025\/07\/Bild_Christoph-683x1024.jpg 683w, https:\/\/fdp-porta.de\/FDP\/wp-content\/uploads\/2025\/07\/Bild_Christoph-200x300.jpg 200w, https:\/\/fdp-porta.de\/FDP\/wp-content\/uploads\/2025\/07\/Bild_Christoph-768x1152.jpg 768w, https:\/\/fdp-porta.de\/FDP\/wp-content\/uploads\/2025\/07\/Bild_Christoph-1024x1536.jpg 1024w, https:\/\/fdp-porta.de\/FDP\/wp-content\/uploads\/2025\/07\/Bild_Christoph.jpg 1365w\" sizes=\"auto, (max-width: 683px) 100vw, 683px\" \/><\/a><\/figure>\n<\/div>\n\n\n<p>Christoph Fiedler ist 41 Jahre alt, lebt mit seiner Familie in Eisbergen und ist beruflich als Gesch\u00e4ftsf\u00fchrer t\u00e4tig. Seine \u00dcberzeugung: Politik darf nicht abstrakt und abgehoben sein \u2013 sie muss nah bei den Menschen stattfinden und an ihren Bed\u00fcrfnissen ansetzen.&nbsp;<\/p>\n\n\n\n<p>F\u00fcr ihn ist Heimat der Ort, an dem man sich geborgen f\u00fchlt und sich gerne einbringt. Genau deshalb kandidiert er: um Eisbergen und ganz Porta Westfalica als lebenswerte, sichere Stadt mitzugestalten \u2013 pragmatisch, l\u00f6sungsorientiert und mit einem positiven Blick nach vorn.&nbsp;<\/p>\n\n\n\n<p>Ein besonderes Anliegen ist ihm die Verbesserung der haus\u00e4rztlichen Versorgung \u2013 inklusive einer niederschwelligen Notfallversorgung au\u00dferhalb der regul\u00e4ren Praxiszeiten. Au\u00dferdem will er eine Stadtverwaltung, die b\u00fcrgernah und zug\u00e4nglich arbeitet, statt abzuschrecken oder zu verz\u00f6gern.&nbsp;<\/p>\n\n\n\n<p>Christoph Fiedler steht f\u00fcr einen sachlichen, verantwortungsbewussten Politikstil \u2013 mit dem Ziel, vor Ort wirklich etwas zu bewegen.<\/p>\n\n\n\n<ul class=\"wp-block-list\">\n<li><strong>Name:<\/strong> Fiedler<\/li>\n\n\n\n<li><strong>Vorname:<\/strong> Christoph<\/li>\n\n\n\n<li><strong>Wohnort:<\/strong> PW-Eisbergen<\/li>\n\n\n\n<li><strong>Alter:<\/strong> 41<\/li>\n\n\n\n<li><strong>Beruf \/ Ausbildung:<\/strong> Gesch\u00e4ftsf\u00fchrer<\/li>\n<\/ul>\n\n\n\n<ul class=\"wp-block-list\">\n<li><strong>Was bedeutet \u201eHeimat\u201c f\u00fcr Dich?<\/strong><br>Der Ort, an dem man lebt, zu Hause ist und sich geborgen f\u00fchlt.<br><\/li>\n\n\n\n<li><strong>Wie sieht dein perfekter Sonntag aus?<\/strong><br>Familienzeit, leckeres Fr\u00fchst\u00fcck und mit entspanntem Start in den Tag<br><\/li>\n\n\n\n<li><strong>Dein Lieblingsort in Porta:<\/strong><br>Kaiser-Wilhelm-Denkmal<br><\/li>\n\n\n\n<li><strong>Du in 3 Worten:<\/strong><br>verantwortungsbewusst, l\u00f6sungsorientiert, positiv<br><\/li>\n\n\n\n<li><strong>Warum ich kandidiere:<\/strong><br>Ich m\u00f6chte Politik n\u00e4her an die Menschen vor Ort bringen, vor Ort k\u00f6nnen wir viel, ganz lokal, bewegen.<br><\/li>\n\n\n\n<li><strong>Was willst du der n\u00e4chsten Generation hinterlassen:<\/strong><br>Eine lebenswerte und sichere Stadt.<br><\/li>\n\n\n\n<li><strong>Welche Ver\u00e4nderung w\u00fcrdest du am liebsten sofort umsetzen:<\/strong><br>Niederschwellige Stadtverwaltung mit starker B\u00fcrgern\u00e4he<br><\/li>\n\n\n\n<li><strong>In welchem Bereich siehst du aktuell den gr\u00f6\u00dften Handlungsbedarf:<\/strong><br>Sicherstellung der haus\u00e4rztlichen Versorgung mit niederschwelliger Notfallversorgung au\u00dferhalb der Praxenzeiten f\u00fcr Alt und Jung.<\/li>\n<\/ul>\n\n\n\n<p class=\"has-text-align-center\"><strong>Sie m\u00f6chten mit Christoph Fiedler ins Gespr\u00e4ch kommen?<\/strong>\u00a0<br>Gerne per E-Mail an <a href=\"mailto:fiedler@fdp-porta.de\">fiedler@fdp-porta.de<\/a><\/p>\n\n\n\n<p><\/p>\n","protected":false},"excerpt":{"rendered":"<p>Ihr FDP-Kandidat f\u00fcr Wahlbezirk 10 \u2013 Eisbergen West Verantwortung \u00fcbernehmen. Politik greifbar machen. Vor Ort bewegen. Christoph Fiedler ist 41 Jahre alt, lebt mit seiner Familie in Eisbergen und ist beruflich als Gesch\u00e4ftsf\u00fchrer t\u00e4tig. Seine \u00dcberzeugung: Politik darf nicht abstrakt und abgehoben sein \u2013 sie muss nah bei den Menschen stattfinden und an ihren Bed\u00fcrfnissen [&hellip;]<\/p>\n","protected":false},"author":5,"featured_media":0,"parent":0,"menu_order":0,"comment_status":"closed","ping_status":"closed","template":"","meta":{"footnotes":""},"class_list":["post-5333","page","type-page","status-publish","hentry"],"featured_image_src":null,"_links":{"self":[{"href":"https:\/\/fdp-porta.de\/FDP\/wp-json\/wp\/v2\/pages\/5333","targetHints":{"allow":["GET"]}}],"collection":[{"href":"https:\/\/fdp-porta.de\/FDP\/wp-json\/wp\/v2\/pages"}],"about":[{"href":"https:\/\/fdp-porta.de\/FDP\/wp-json\/wp\/v2\/types\/page"}],"author":[{"embeddable":true,"href":"https:\/\/fdp-porta.de\/FDP\/wp-json\/wp\/v2\/users\/5"}],"replies":[{"embeddable":true,"href":"https:\/\/fdp-porta.de\/FDP\/wp-json\/wp\/v2\/comments?post=5333"}],"version-history":[{"count":1,"href":"https:\/\/fdp-porta.de\/FDP\/wp-json\/wp\/v2\/pages\/5333\/revisions"}],"predecessor-version":[{"id":5336,"href":"https:\/\/fdp-porta.de\/FDP\/wp-json\/wp\/v2\/pages\/5333\/revisions\/5336"}],"wp:attachment":[{"href":"https:\/\/fdp-porta.de\/FDP\/wp-json\/wp\/v2\/media?parent=5333"}],"curies":[{"name":"wp","href":"https:\/\/api.w.org\/{rel}","templated":true}]}}