{"id":5319,"date":"2025-07-17T09:20:58","date_gmt":"2025-07-17T07:20:58","guid":{"rendered":"https:\/\/fdp-porta.de\/FDP\/?page_id=5319"},"modified":"2025-07-21T15:28:12","modified_gmt":"2025-07-21T13:28:12","slug":"kommunalwahl-wahlbezirk-9","status":"publish","type":"page","link":"https:\/\/fdp-porta.de\/FDP\/kommunalwahl-wahlbezirk-9\/","title":{"rendered":"Paula Louise Schmidt-Martens"},"content":{"rendered":"\n<h3 class=\"wp-block-heading has-text-align-center\"><strong>Ihre FDP-Kandidatin f\u00fcr Wahlbezirk 9 \u2013 Eisbergen-Ost, F\u00fclme<\/strong>\u202f<\/h3>\n\n\n\n<p class=\"has-text-align-center\"><strong>Jung. Engagiert. Mit Blick nach vorn.<\/strong><\/p>\n\n\n<div class=\"wp-block-image\">\n<figure class=\"aligncenter size-large is-resized\"><a href=\"https:\/\/fdp-porta.de\/FDP\/wp-content\/uploads\/2025\/07\/Bild_Paula-1.jpg\"><img loading=\"lazy\" decoding=\"async\" width=\"683\" height=\"1024\" src=\"https:\/\/fdp-porta.de\/FDP\/wp-content\/uploads\/2025\/07\/Bild_Paula-1-683x1024.jpg\" alt=\"\" class=\"wp-image-5429\" style=\"width:446px;height:auto\" srcset=\"https:\/\/fdp-porta.de\/FDP\/wp-content\/uploads\/2025\/07\/Bild_Paula-1-683x1024.jpg 683w, https:\/\/fdp-porta.de\/FDP\/wp-content\/uploads\/2025\/07\/Bild_Paula-1-200x300.jpg 200w, https:\/\/fdp-porta.de\/FDP\/wp-content\/uploads\/2025\/07\/Bild_Paula-1-768x1152.jpg 768w, https:\/\/fdp-porta.de\/FDP\/wp-content\/uploads\/2025\/07\/Bild_Paula-1-1024x1536.jpg 1024w, https:\/\/fdp-porta.de\/FDP\/wp-content\/uploads\/2025\/07\/Bild_Paula-1.jpg 1365w\" sizes=\"auto, (max-width: 683px) 100vw, 683px\" \/><\/a><\/figure>\n<\/div>\n\n\n<p>Mit 21 Jahren ist Paula Louise Schmidt-Martens die j\u00fcngste Kandidatin im Team der FDP Porta \u2013 und \u00fcberzeugt davon, dass gerade junge Stimmen in der Politik geh\u00f6rt werden m\u00fcssen. Sie lebt in Barkhausen, kennt die Ortsteile Eisbergen und F\u00fclme gut und sch\u00e4tzt die besondere Kombination aus Landschaft, Infrastruktur und Gemeinschaft vor Ort.&nbsp;<\/p>\n\n\n\n<p>F\u00fcr sie ist Heimat nicht einfach nur ein Wohnort \u2013 sondern ein Raum, den man mitgestalten kann. Genau das m\u00f6chte sie tun: Politik aktiv und positiv beeinflussen, statt nur zuzuschauen oder zu kritisieren. Ihr Antrieb? Eine Stadt, die auch in Zukunft attraktiv bleibt \u2013 f\u00fcr junge Familien, Kinder, Senioren und alle, die hier leben.&nbsp;<\/p>\n\n\n\n<p>Paula setzt sich ein f\u00fcr mehr Kita-Pl\u00e4tze, verbindlichen Schwimmunterricht f\u00fcr jedes Kind und eine Politik, die langfristig denkt. Sie begegnet Menschen auf Augenh\u00f6he \u2013 kommunikativ, empathisch und mit einem echten Interesse daran, wie es anderen geht.<\/p>\n\n\n\n<ul class=\"wp-block-list\">\n<li><strong>Name:<\/strong> Schmidt-Martens<\/li>\n\n\n\n<li><strong>Vorname:<\/strong> Paula Louise<\/li>\n\n\n\n<li><strong>Wohnort:<\/strong> Porta Westfalica, Barkhausen<\/li>\n\n\n\n<li><strong>Alter:<\/strong> 21<\/li>\n<\/ul>\n\n\n\n<ul class=\"wp-block-list\">\n<li><strong>Was bedeutet \u201eHeimat\u201c f\u00fcr Dich?<\/strong><br>Ein Ort, an dem man nicht nur wohnt, sondern auch mitgestalten kann.<br><\/li>\n\n\n\n<li><strong>Wie sieht dein perfekter Sonntag aus?<\/strong><br>Eine Runde spazieren gehen an der Weser, anschlie\u00dfend ein leckeres Getr\u00e4nk in einer unserer vielen Caf\u00e9s.<br><\/li>\n\n\n\n<li><strong>Dein Lieblingsort in Porta:<\/strong><br>Eisbergen \u2013 ein wundersch\u00f6ner Ortsteil mit einer unglaublichen Landschaft&amp;Infrastruktur<br><\/li>\n\n\n\n<li><strong>Du in 3 Worten:<\/strong><br>kommunikativ, gut gelaunt, emphatisch<br><\/li>\n\n\n\n<li><strong>Warum ich kandidiere:<\/strong><br>Weil ich \u00fcberzeugt bin, dass junge Stimmen in der Politik geh\u00f6rt werden m\u00fcssen. Ich will, dass Porta Westfalica auch in Zukunft attraktiv bleibt.<br><\/li>\n\n\n\n<li><strong>Fun Fact \u00fcber mich:\u202f<\/strong>\u202fMeine Haustiere sind 3 H\u00fchner &#x1f604;<br><\/li>\n\n\n\n<li><strong>Welche Ver\u00e4nderung w\u00fcrdest du am liebsten sofort umsetzen:<\/strong><br>Kita-Pl\u00e4tze f\u00fcr jedes Kind. Schwimmunterricht f\u00fcr jedes Kind m\u00f6glich machen.<br><\/li>\n\n\n\n<li><strong>Was war dein pers\u00f6nlicher \u201eAha-Moment\u201c bei dem du dachtest: Jetzt mache ich mit!<\/strong><br>Als ich gemerkt habe, dass viele \u00fcber Politik schimpfen, aber wenige wirklich mitgestalten \u2013 da wusste ich: Ich will aktiv dabei sein!<br><\/li>\n<\/ul>\n\n\n\n<p class=\"has-text-align-center\"><strong>Du m\u00f6chtest mit Paula Louise Schmidt-Martens ins Gespr\u00e4ch kommen?<\/strong><br>Gerne per E-Mail an <a href=\"mailto:schmidt-martens@fdp-porta.de\">schmidt-martens@fdp-porta.de<\/a>&nbsp;<\/p>\n\n\n\n<p><\/p>\n","protected":false},"excerpt":{"rendered":"<p>Ihre FDP-Kandidatin f\u00fcr Wahlbezirk 9 \u2013 Eisbergen-Ost, F\u00fclme\u202f Jung. Engagiert. Mit Blick nach vorn. Mit 21 Jahren ist Paula Louise Schmidt-Martens die j\u00fcngste Kandidatin im Team der FDP Porta \u2013 und \u00fcberzeugt davon, dass gerade junge Stimmen in der Politik geh\u00f6rt werden m\u00fcssen. Sie lebt in Barkhausen, kennt die Ortsteile Eisbergen und F\u00fclme gut und [&hellip;]<\/p>\n","protected":false},"author":5,"featured_media":0,"parent":0,"menu_order":0,"comment_status":"closed","ping_status":"closed","template":"","meta":{"footnotes":""},"class_list":["post-5319","page","type-page","status-publish","hentry"],"featured_image_src":null,"_links":{"self":[{"href":"https:\/\/fdp-porta.de\/FDP\/wp-json\/wp\/v2\/pages\/5319","targetHints":{"allow":["GET"]}}],"collection":[{"href":"https:\/\/fdp-porta.de\/FDP\/wp-json\/wp\/v2\/pages"}],"about":[{"href":"https:\/\/fdp-porta.de\/FDP\/wp-json\/wp\/v2\/types\/page"}],"author":[{"embeddable":true,"href":"https:\/\/fdp-porta.de\/FDP\/wp-json\/wp\/v2\/users\/5"}],"replies":[{"embeddable":true,"href":"https:\/\/fdp-porta.de\/FDP\/wp-json\/wp\/v2\/comments?post=5319"}],"version-history":[{"count":4,"href":"https:\/\/fdp-porta.de\/FDP\/wp-json\/wp\/v2\/pages\/5319\/revisions"}],"predecessor-version":[{"id":5435,"href":"https:\/\/fdp-porta.de\/FDP\/wp-json\/wp\/v2\/pages\/5319\/revisions\/5435"}],"wp:attachment":[{"href":"https:\/\/fdp-porta.de\/FDP\/wp-json\/wp\/v2\/media?parent=5319"}],"curies":[{"name":"wp","href":"https:\/\/api.w.org\/{rel}","templated":true}]}}