{"id":5281,"date":"2025-07-16T10:21:55","date_gmt":"2025-07-16T08:21:55","guid":{"rendered":"https:\/\/fdp-porta.de\/FDP\/?page_id=5281"},"modified":"2025-07-17T13:19:52","modified_gmt":"2025-07-17T11:19:52","slug":"kommunalwahl-wahlbezirk-4","status":"publish","type":"page","link":"https:\/\/fdp-porta.de\/FDP\/kommunalwahl-wahlbezirk-4\/","title":{"rendered":"Helena Pape"},"content":{"rendered":"\n<h3 class=\"wp-block-heading has-text-align-center\"><strong>Ihre FDP-Kandidatin f\u00fcr Wahlbezirk 4 \u2013 Lerbeck-Neu<\/strong><\/h3>\n\n\n\n<p class=\"has-text-align-center\"><strong>Mit Erfahrung, Herz und Blick f\u00fcrs Wesentliche.<\/strong><\/p>\n\n\n<div class=\"wp-block-image\">\n<figure class=\"aligncenter size-large is-resized\"><a href=\"https:\/\/fdp-porta.de\/FDP\/wp-content\/uploads\/2025\/07\/Bild_Helena.jpg\"><img loading=\"lazy\" decoding=\"async\" width=\"683\" height=\"1024\" src=\"https:\/\/fdp-porta.de\/FDP\/wp-content\/uploads\/2025\/07\/Bild_Helena-683x1024.jpg\" alt=\"\" class=\"wp-image-5282\" style=\"width:444px;height:auto\" srcset=\"https:\/\/fdp-porta.de\/FDP\/wp-content\/uploads\/2025\/07\/Bild_Helena-683x1024.jpg 683w, https:\/\/fdp-porta.de\/FDP\/wp-content\/uploads\/2025\/07\/Bild_Helena-200x300.jpg 200w, https:\/\/fdp-porta.de\/FDP\/wp-content\/uploads\/2025\/07\/Bild_Helena-768x1152.jpg 768w, https:\/\/fdp-porta.de\/FDP\/wp-content\/uploads\/2025\/07\/Bild_Helena-1024x1536.jpg 1024w, https:\/\/fdp-porta.de\/FDP\/wp-content\/uploads\/2025\/07\/Bild_Helena.jpg 1365w\" sizes=\"auto, (max-width: 683px) 100vw, 683px\" \/><\/a><\/figure>\n<\/div>\n\n\n<p>Helena Pape lebt mit ihrem Mann in Hausberge und kennt die Anliegen der Menschen im Wahlbezirk Neu Lerbeck aus langj\u00e4hriger Erfahrung. Als Kauffrau im Gesundheitswesen ist sie t\u00e4glich nah an den Bed\u00fcrfnissen anderer \u2013 strukturiert, pragmatisch und l\u00f6sungsorientiert.&nbsp;<\/p>\n\n\n\n<p>Seit vielen Jahren engagiert sie sich im Stadtverband der FDP und bringt sich mit klarem Kompass und ehrlichem Interesse an politischen Zusammenh\u00e4ngen ein. Neu Lerbeck ist f\u00fcr sie nicht nur ein Wahlbezirk, sondern ein vertrautes Umfeld, das sie aktiv mitgestalten m\u00f6chte.&nbsp;<\/p>\n\n\n\n<p>Neben ihrem politischen Engagement interessiert sich Helena Pape f\u00fcr Sport und Literatur \u2013 und steht f\u00fcr eine Politik, die zuh\u00f6rt, statt vorzuschreiben. Ihr Ziel: ein Porta, in dem Offenheit, Eigenverantwortung und pragmatisches Handeln das Miteinander bestimmen.&nbsp;<\/p>\n\n\n\n<p class=\"has-text-align-center\"><strong>Sie m\u00f6chten mit Helena Pape ins Gespr\u00e4ch kommen?<\/strong>&nbsp;<br>Gerne per E-Mail an <a href=\"mailto:h.pape@fdp-porta.de\">h.pape@fdp-porta.de<\/a>&nbsp;<\/p>\n","protected":false},"excerpt":{"rendered":"<p>Ihre FDP-Kandidatin f\u00fcr Wahlbezirk 4 \u2013 Lerbeck-Neu Mit Erfahrung, Herz und Blick f\u00fcrs Wesentliche. Helena Pape lebt mit ihrem Mann in Hausberge und kennt die Anliegen der Menschen im Wahlbezirk Neu Lerbeck aus langj\u00e4hriger Erfahrung. Als Kauffrau im Gesundheitswesen ist sie t\u00e4glich nah an den Bed\u00fcrfnissen anderer \u2013 strukturiert, pragmatisch und l\u00f6sungsorientiert.&nbsp; Seit vielen Jahren [&hellip;]<\/p>\n","protected":false},"author":5,"featured_media":0,"parent":0,"menu_order":0,"comment_status":"closed","ping_status":"closed","template":"","meta":{"footnotes":""},"class_list":["post-5281","page","type-page","status-publish","hentry"],"featured_image_src":null,"_links":{"self":[{"href":"https:\/\/fdp-porta.de\/FDP\/wp-json\/wp\/v2\/pages\/5281","targetHints":{"allow":["GET"]}}],"collection":[{"href":"https:\/\/fdp-porta.de\/FDP\/wp-json\/wp\/v2\/pages"}],"about":[{"href":"https:\/\/fdp-porta.de\/FDP\/wp-json\/wp\/v2\/types\/page"}],"author":[{"embeddable":true,"href":"https:\/\/fdp-porta.de\/FDP\/wp-json\/wp\/v2\/users\/5"}],"replies":[{"embeddable":true,"href":"https:\/\/fdp-porta.de\/FDP\/wp-json\/wp\/v2\/comments?post=5281"}],"version-history":[{"count":3,"href":"https:\/\/fdp-porta.de\/FDP\/wp-json\/wp\/v2\/pages\/5281\/revisions"}],"predecessor-version":[{"id":5375,"href":"https:\/\/fdp-porta.de\/FDP\/wp-json\/wp\/v2\/pages\/5281\/revisions\/5375"}],"wp:attachment":[{"href":"https:\/\/fdp-porta.de\/FDP\/wp-json\/wp\/v2\/media?parent=5281"}],"curies":[{"name":"wp","href":"https:\/\/api.w.org\/{rel}","templated":true}]}}