{"id":5259,"date":"2025-07-15T15:46:12","date_gmt":"2025-07-15T13:46:12","guid":{"rendered":"https:\/\/fdp-porta.de\/FDP\/?page_id=5259"},"modified":"2025-07-17T13:19:20","modified_gmt":"2025-07-17T11:19:20","slug":"kommunalwahl-wahlbezirk-3","status":"publish","type":"page","link":"https:\/\/fdp-porta.de\/FDP\/kommunalwahl-wahlbezirk-3\/","title":{"rendered":"Marc Kornhardt"},"content":{"rendered":"\n<h3 class=\"wp-block-heading has-text-align-center\">&nbsp;<strong>Ihr FDP-Kandidat f\u00fcr Wahlbezirk 3 \u2013 Neesen<\/strong><\/h3>\n\n\n\n<p class=\"has-text-align-center\"><strong>Strukturiert denken. Klar handeln. Verantwortung \u00fcbernehmen.<\/strong><\/p>\n\n\n<div class=\"wp-block-image\">\n<figure class=\"aligncenter size-large is-resized\"><a href=\"https:\/\/fdp-porta.de\/FDP\/wp-content\/uploads\/2025\/07\/Bild_Marc.jpg\"><img loading=\"lazy\" decoding=\"async\" width=\"683\" height=\"1024\" src=\"https:\/\/fdp-porta.de\/FDP\/wp-content\/uploads\/2025\/07\/Bild_Marc-683x1024.jpg\" alt=\"\" class=\"wp-image-5260\" style=\"width:441px;height:auto\" srcset=\"https:\/\/fdp-porta.de\/FDP\/wp-content\/uploads\/2025\/07\/Bild_Marc-683x1024.jpg 683w, https:\/\/fdp-porta.de\/FDP\/wp-content\/uploads\/2025\/07\/Bild_Marc-200x300.jpg 200w, https:\/\/fdp-porta.de\/FDP\/wp-content\/uploads\/2025\/07\/Bild_Marc-768x1152.jpg 768w, https:\/\/fdp-porta.de\/FDP\/wp-content\/uploads\/2025\/07\/Bild_Marc-1024x1536.jpg 1024w, https:\/\/fdp-porta.de\/FDP\/wp-content\/uploads\/2025\/07\/Bild_Marc.jpg 1365w\" sizes=\"auto, (max-width: 683px) 100vw, 683px\" \/><\/a><\/figure>\n<\/div>\n\n\n<p>Marc Kornhardt lebt in Barkhausen und bringt als Projektmanager im eCommerce t\u00e4glich strukturierte L\u00f6sungsans\u00e4tze in komplexe Prozesse. Diese F\u00e4higkeit m\u00f6chte er auch in die Politik einbringen \u2013 mit dem Ziel, Porta Westfalica zukunftsf\u00e4hig, wirtschaftlich stabil und b\u00fcrgernah aufzustellen.&nbsp;<\/p>\n\n\n\n<p>Als Kandidat f\u00fcr den Wahlbezirk Neesen steht er f\u00fcr eine ehrliche, zielgerichtete und l\u00f6sungsorientierte Kommunalpolitik \u2013 jenseits von Ideologie und Symbolpolitik. Dabei ist f\u00fcr ihn klar: Die Stadt muss sich auf ihre Kernaufgaben konzentrieren und dabei als Dienstleister f\u00fcr die B\u00fcrgerinnen und B\u00fcrger agieren.&nbsp;<\/p>\n\n\n\n<p>Besonders am Herzen liegt ihm der Abbau unn\u00f6tiger Regulierungen und die Entlastung des Mittelstands. Die Abschaffung des differenzierten Grundsteuer-Hebesatzes B ist f\u00fcr ihn ein konkreter Schritt, um Selbstst\u00e4ndige, Freiberufler und kleinere Betriebe nicht l\u00e4nger \u00fcber Geb\u00fchr zu belasten.&nbsp;<\/p>\n\n\n\n<p>Zuverl\u00e4ssig, strukturiert und entschlossen \u2013 mit diesen Eigenschaften m\u00f6chte Marc Kornhardt Verantwortung f\u00fcr seine Stadt \u00fcbernehmen. F\u00fcr ein Porta, das pragmatisch denkt und konsequent handelt.&nbsp;<\/p>\n\n\n\n<ul class=\"wp-block-list\">\n<li><strong>Name:<\/strong>\u202fKornhardt<\/li>\n\n\n\n<li><strong>Vorname:<\/strong>\u202fMarc<\/li>\n\n\n\n<li><strong>Wohnort:<\/strong>\u202fPW-Barkhausen<\/li>\n\n\n\n<li><strong>Alter:<\/strong>\u202f35<\/li>\n\n\n\n<li><strong>Beruf \/ Ausbildung:\u202f<\/strong>\u202fProjektmanager eCommerce<\/li>\n<\/ul>\n\n\n\n<ul class=\"wp-block-list\">\n<li><strong>Du in 3 Worten:<\/strong><br>Zuverl\u00e4ssig, strukturiert, entschlossen<br><\/li>\n\n\n\n<li><strong>Warum ich kandidiere:<\/strong><br>F\u00fcr eine ehrliche, zielgerichtete und l\u00f6sungsorientierte Politik in und f\u00fcr Porta Westfalica.<br><\/li>\n\n\n\n<li><strong>Welche Ver\u00e4nderung w\u00fcrdest du am liebsten sofort umsetzen:<\/strong><br>Abschaffung des differenzierten Grundsteuer-Hebesatzes B, weil dieser u.a. die Selbstst\u00e4ndigen, Kleinunternehmer, Freiberufler und \u00c4rzte einseitig und \u00fcber Geb\u00fchr belastet.<br><\/li>\n\n\n\n<li><strong>In welchem Bereich siehst du aktuell den gr\u00f6\u00dften Handlungsbedarf:<\/strong><br>Abbau von Regulierungen und B\u00fcrokratie. Die \u00f6ffentliche Hand muss sich auf ihre Kernaufgaben zur\u00fcckbesinnen und als Dienstleister der B\u00fcrgerinnen und B\u00fcrger verstehen.<\/li>\n<\/ul>\n\n\n\n<p class=\"has-text-align-center\"><strong>Sie m\u00f6chten mit Marc Kornhardt ins Gespr\u00e4ch kommen?<\/strong>&nbsp;<br>Gerne per E-Mail an <a href=\"mailto:kornhardt@fdp-porta.de\" target=\"_blank\" rel=\"noreferrer noopener\">kornhardt@fdp-porta.de<\/a><\/p>\n\n\n\n<p><\/p>\n","protected":false},"excerpt":{"rendered":"<p>&nbsp;Ihr FDP-Kandidat f\u00fcr Wahlbezirk 3 \u2013 Neesen Strukturiert denken. Klar handeln. Verantwortung \u00fcbernehmen. Marc Kornhardt lebt in Barkhausen und bringt als Projektmanager im eCommerce t\u00e4glich strukturierte L\u00f6sungsans\u00e4tze in komplexe Prozesse. Diese F\u00e4higkeit m\u00f6chte er auch in die Politik einbringen \u2013 mit dem Ziel, Porta Westfalica zukunftsf\u00e4hig, wirtschaftlich stabil und b\u00fcrgernah aufzustellen.&nbsp; Als Kandidat f\u00fcr den [&hellip;]<\/p>\n","protected":false},"author":5,"featured_media":0,"parent":0,"menu_order":0,"comment_status":"closed","ping_status":"closed","template":"","meta":{"footnotes":""},"class_list":["post-5259","page","type-page","status-publish","hentry"],"featured_image_src":null,"_links":{"self":[{"href":"https:\/\/fdp-porta.de\/FDP\/wp-json\/wp\/v2\/pages\/5259","targetHints":{"allow":["GET"]}}],"collection":[{"href":"https:\/\/fdp-porta.de\/FDP\/wp-json\/wp\/v2\/pages"}],"about":[{"href":"https:\/\/fdp-porta.de\/FDP\/wp-json\/wp\/v2\/types\/page"}],"author":[{"embeddable":true,"href":"https:\/\/fdp-porta.de\/FDP\/wp-json\/wp\/v2\/users\/5"}],"replies":[{"embeddable":true,"href":"https:\/\/fdp-porta.de\/FDP\/wp-json\/wp\/v2\/comments?post=5259"}],"version-history":[{"count":10,"href":"https:\/\/fdp-porta.de\/FDP\/wp-json\/wp\/v2\/pages\/5259\/revisions"}],"predecessor-version":[{"id":5374,"href":"https:\/\/fdp-porta.de\/FDP\/wp-json\/wp\/v2\/pages\/5259\/revisions\/5374"}],"wp:attachment":[{"href":"https:\/\/fdp-porta.de\/FDP\/wp-json\/wp\/v2\/media?parent=5259"}],"curies":[{"name":"wp","href":"https:\/\/api.w.org\/{rel}","templated":true}]}}