{"id":5250,"date":"2025-07-15T14:13:58","date_gmt":"2025-07-15T12:13:58","guid":{"rendered":"https:\/\/fdp-porta.de\/FDP\/?page_id=5250"},"modified":"2025-07-17T08:41:14","modified_gmt":"2025-07-17T06:41:14","slug":"kommunalwahl-wahlbezirk-2","status":"publish","type":"page","link":"https:\/\/fdp-porta.de\/FDP\/kommunalwahl-wahlbezirk-2\/","title":{"rendered":"Michael Reinhardt"},"content":{"rendered":"\n<h3 class=\"wp-block-heading has-text-align-center\"><strong>Ihr FDP-Kandidat f\u00fcr Wahlbezirk 2 \u2013 Barkhausen-Nord<\/strong><\/h3>\n\n\n\n<p class=\"has-text-align-center\"><strong>Verwurzelt in Barkhausen \u2013 engagiert f\u00fcr Porta.<\/strong><\/p>\n\n\n<div class=\"wp-block-image\">\n<figure class=\"aligncenter size-large is-resized\"><a href=\"https:\/\/fdp-porta.de\/FDP\/wp-content\/uploads\/2025\/07\/Bild_Michael.jpg\"><img loading=\"lazy\" decoding=\"async\" width=\"683\" height=\"1024\" src=\"https:\/\/fdp-porta.de\/FDP\/wp-content\/uploads\/2025\/07\/Bild_Michael-683x1024.jpg\" alt=\"\" class=\"wp-image-5251\" style=\"width:450px;height:auto\" srcset=\"https:\/\/fdp-porta.de\/FDP\/wp-content\/uploads\/2025\/07\/Bild_Michael-683x1024.jpg 683w, https:\/\/fdp-porta.de\/FDP\/wp-content\/uploads\/2025\/07\/Bild_Michael-200x300.jpg 200w, https:\/\/fdp-porta.de\/FDP\/wp-content\/uploads\/2025\/07\/Bild_Michael-768x1152.jpg 768w, https:\/\/fdp-porta.de\/FDP\/wp-content\/uploads\/2025\/07\/Bild_Michael-1024x1536.jpg 1024w, https:\/\/fdp-porta.de\/FDP\/wp-content\/uploads\/2025\/07\/Bild_Michael.jpg 1365w\" sizes=\"auto, (max-width: 683px) 100vw, 683px\" \/><\/a><\/figure>\n<\/div>\n\n\n<p>Michael Reinhardt ist in Barkhausen aufgewachsen \u2013 mit Kindergarten, Grundschule, Sportverein und Kirchengemeinde vor der Haust\u00fcr. Auch heute lebt er mit seinen S\u00f6hnen im Ort, engagiert sich ehrenamtlich und ist beruflich als Polizeihauptkommissar auf der Wache in Porta Westfalica t\u00e4tig.&nbsp;<\/p>\n\n\n\n<p>Seit 2014 ist er Mitglied der FDP und setzt sich mit ruhiger Stimme, aber klarer Haltung f\u00fcr die Belange seiner Nachbarschaft ein. Als Gr\u00fcndungsmitglied der Fu\u00dfball-Initiative-Barkhausen e.\u202fV. wei\u00df er, wie wichtig Zusammenhalt, Eigeninitiative und pragmatisches Handeln im Ort sind.&nbsp;<\/p>\n\n\n\n<p>Michael Reinhardt steht f\u00fcr eine Politik mit gesundem Menschenverstand \u2013 b\u00fcrgernah, sachlich und l\u00f6sungsorientiert. Er kennt Barkhausen nicht nur aus der Verwaltungsperspektive, sondern aus dem echten Leben. Mit seiner Erfahrung, seinem Engagement und seiner Bereitschaft, Verantwortung zu \u00fcbernehmen, m\u00f6chte er dazu beitragen, Porta Westfalica in die Zukunft zu f\u00fchren \u2013 sicher, modern und lebenswert.<\/p>\n\n\n\n<p class=\"has-text-align-center\"><strong>Sie m\u00f6chten mit Michael Reinhardt ins Gespr\u00e4ch kommen?<\/strong>&nbsp;<br>Gerne per E-Mail an <a href=\"mailto:reinhardt@fdp-porta.de\" target=\"_blank\" rel=\"noreferrer noopener\">reinhardt@fdp-porta.de<\/a><\/p>\n\n\n\n<p><\/p>\n","protected":false},"excerpt":{"rendered":"<p>Ihr FDP-Kandidat f\u00fcr Wahlbezirk 2 \u2013 Barkhausen-Nord Verwurzelt in Barkhausen \u2013 engagiert f\u00fcr Porta. Michael Reinhardt ist in Barkhausen aufgewachsen \u2013 mit Kindergarten, Grundschule, Sportverein und Kirchengemeinde vor der Haust\u00fcr. Auch heute lebt er mit seinen S\u00f6hnen im Ort, engagiert sich ehrenamtlich und ist beruflich als Polizeihauptkommissar auf der Wache in Porta Westfalica t\u00e4tig.&nbsp; Seit [&hellip;]<\/p>\n","protected":false},"author":5,"featured_media":0,"parent":0,"menu_order":0,"comment_status":"closed","ping_status":"closed","template":"","meta":{"footnotes":""},"class_list":["post-5250","page","type-page","status-publish","hentry"],"featured_image_src":null,"_links":{"self":[{"href":"https:\/\/fdp-porta.de\/FDP\/wp-json\/wp\/v2\/pages\/5250","targetHints":{"allow":["GET"]}}],"collection":[{"href":"https:\/\/fdp-porta.de\/FDP\/wp-json\/wp\/v2\/pages"}],"about":[{"href":"https:\/\/fdp-porta.de\/FDP\/wp-json\/wp\/v2\/types\/page"}],"author":[{"embeddable":true,"href":"https:\/\/fdp-porta.de\/FDP\/wp-json\/wp\/v2\/users\/5"}],"replies":[{"embeddable":true,"href":"https:\/\/fdp-porta.de\/FDP\/wp-json\/wp\/v2\/comments?post=5250"}],"version-history":[{"count":4,"href":"https:\/\/fdp-porta.de\/FDP\/wp-json\/wp\/v2\/pages\/5250\/revisions"}],"predecessor-version":[{"id":5302,"href":"https:\/\/fdp-porta.de\/FDP\/wp-json\/wp\/v2\/pages\/5250\/revisions\/5302"}],"wp:attachment":[{"href":"https:\/\/fdp-porta.de\/FDP\/wp-json\/wp\/v2\/media?parent=5250"}],"curies":[{"name":"wp","href":"https:\/\/api.w.org\/{rel}","templated":true}]}}