{"id":5230,"date":"2025-07-15T10:45:09","date_gmt":"2025-07-15T08:45:09","guid":{"rendered":"https:\/\/fdp-porta.de\/FDP\/?page_id=5230"},"modified":"2025-07-21T15:27:34","modified_gmt":"2025-07-21T13:27:34","slug":"kommunalwahl-wahlbezirk-1","status":"publish","type":"page","link":"https:\/\/fdp-porta.de\/FDP\/kommunalwahl-wahlbezirk-1\/","title":{"rendered":"Cornelia M\u00fcller-Dieker"},"content":{"rendered":"\n<h3 class=\"wp-block-heading has-text-align-center\">Ihre FDP-Kandidatin f\u00fcr Wahlbezirk 1 \u2013 Barkhausen-S\u00fcd<\/h3>\n\n\n\n<p class=\"has-text-align-center\"><strong>Mit Herz f\u00fcr Barkhausen \u2013 mit Verantwortung f\u00fcr Porta.<\/strong><\/p>\n\n\n<div class=\"wp-block-image\">\n<figure class=\"aligncenter size-large is-resized\"><a href=\"https:\/\/fdp-porta.de\/FDP\/wp-content\/uploads\/2025\/07\/Bild_Cornelia-1.jpg\"><img loading=\"lazy\" decoding=\"async\" width=\"683\" height=\"1024\" src=\"https:\/\/fdp-porta.de\/FDP\/wp-content\/uploads\/2025\/07\/Bild_Cornelia-1-683x1024.jpg\" alt=\"\" class=\"wp-image-5425\" style=\"width:447px;height:auto\" srcset=\"https:\/\/fdp-porta.de\/FDP\/wp-content\/uploads\/2025\/07\/Bild_Cornelia-1-683x1024.jpg 683w, https:\/\/fdp-porta.de\/FDP\/wp-content\/uploads\/2025\/07\/Bild_Cornelia-1-200x300.jpg 200w, https:\/\/fdp-porta.de\/FDP\/wp-content\/uploads\/2025\/07\/Bild_Cornelia-1-768x1152.jpg 768w, https:\/\/fdp-porta.de\/FDP\/wp-content\/uploads\/2025\/07\/Bild_Cornelia-1-1024x1536.jpg 1024w, https:\/\/fdp-porta.de\/FDP\/wp-content\/uploads\/2025\/07\/Bild_Cornelia-1.jpg 1365w\" sizes=\"auto, (max-width: 683px) 100vw, 683px\" \/><\/a><\/figure>\n<\/div>\n\n\n<p>Cornelia M\u00fcller-Dieker ist in Porta Westfalica geboren und aufgewachsen \u2013 und ihrer Heimat bis heute eng verbunden. In Barkhausen lebt sie mit ihrer Familie, kennt die Menschen, die Themen und die Herausforderungen vor Ort. Als erfahrene Kommunalpolitikerin, Hotelbetriebswirtin im Ruhestand, FDP-Fraktionsvorsitzende, Ehefrau, Mutter und Oma setzt sie sich mit Leidenschaft f\u00fcr eine lebenswerte Zukunft in Porta ein.<\/p>\n\n\n\n<p>Sie kennt die Menschen vor Ort, wei\u00df, wo der Schuh dr\u00fcckt, und bringt die n\u00f6tige Erfahrung mit, um Dinge in Bewegung zu bringen. F\u00fcr sie ist Heimat mehr als ein Ort: Es ist das Gef\u00fchl, in sch\u00f6ner Umgebung zu Hause zu sein \u2013 im Kreis der Familie, umgeben von Freunden. Doch um dieses Lebensgef\u00fchl zu bewahren und weiterzuentwickeln, braucht es Mut zur Ver\u00e4nderung.<\/p>\n\n\n\n<p>Cornelia M\u00fcller-Dieker setzt sich daf\u00fcr ein, dass Porta moderner und attraktiver wird. Dazu geh\u00f6ren eine zukunftssichere Infrastruktur, digital ausgestattete Schulen und eine Verwaltung, die nicht blockiert, sondern handelt. Ihr politischer Antrieb: Weniger Bedenkentr\u00e4ger, mehr \u201eEinfach-mal-Macher\u201c.<\/p>\n\n\n\n<p>Mit ihrer Lebenserfahrung, klaren Haltung und ehrlicher Begeisterung \u2013 ob f\u00fcr die politische Arbeit oder das Fu\u00dfballspiel mit den Enkeln \u2013 will sie auch weiterhin Verantwortung \u00fcbernehmen. F\u00fcr Barkhausen, f\u00fcr Porta \u2013 und f\u00fcr eine Generation, die wei\u00df: Freiheit ist nicht selbstverst\u00e4ndlich. Sie entsteht durch Einsatz, Engagement und den Willen, Dinge anzupacken.<\/p>\n\n\n\n<ul class=\"wp-block-list\">\n<li><strong>Name:\u202f<\/strong>M\u00fcller-Dieker<\/li>\n\n\n\n<li><strong>Vorname:<\/strong>\u202fCornelia<\/li>\n\n\n\n<li><strong>Wohnort:<\/strong>\u202fPorta Westfalica-Barkhausen<\/li>\n\n\n\n<li><strong>Beruf\/ Ausbildung:<\/strong>\u202f\u202fHotelbetriebswirtin i.R.<\/li>\n<\/ul>\n\n\n\n<ul class=\"wp-block-list\">\n<li><strong>Was bedeutet \u201eHeimat\u201c f\u00fcr Dich?<\/strong><br>Zuhause sein in einer wundersch\u00f6nen Landschaft umgeben von&nbsp; Familie und Freunden<br><\/li>\n\n\n\n<li><strong>Wie sieht dein perfekter Sonntag aus?<\/strong><br>In den Tag hineinleben und idealerweise abends ein gutes Essen im Kreise lieber Menschen<br><\/li>\n\n\n\n<li><strong>Dein Lieblingsort in Porta:<\/strong><br>Kaiser-Wilhelm-Denkmal<br><\/li>\n\n\n\n<li><strong>Du in 3 Worten:<\/strong><br>zuverl\u00e4ssig, ungeduldig, freiheitsliebend<br><\/li>\n\n\n\n<li><strong>Warum ich kandidiere:<\/strong><br>weil Porta Westfalica ein starkes FDP-Team braucht,&nbsp; damit es im Rat weniger Bedenkentr\u00e4ger und mehr Einfach-mal-Macher gibt<br><\/li>\n\n\n\n<li><strong>Was willst du der n\u00e4chsten Generation hinterlassen:<\/strong><br>das Wissen, dass Freiheit nur mit&nbsp; \u00dcbernahme von Verantwortung f\u00fcr sich selbst und andere m\u00f6glich ist.<br><\/li>\n\n\n\n<li><strong>Fun Fact \u00fcber mich:<\/strong><br>Spiele mit Begeisterung mit meinen Enkeln Fu\u00dfball &#x26bd;&#xfe0f; und gehe gern mit ihnen ins Stadion<br><\/li>\n\n\n\n<li><strong>Welche Ver\u00e4nderung w\u00fcrdest du am liebsten sofort umsetzen:<\/strong><br>die Digitalisierung soweit es von uns zu beeinflussen ist<br><\/li>\n\n\n\n<li><strong>In welchem Bereich siehst du aktuell den gr\u00f6\u00dften Handlungsbedarf:<\/strong><br>In der guten Ausstattung unserer Schulen und der Infrastruktur<br><\/li>\n\n\n\n<li><strong>Was war dein pers\u00f6nlicher \u201eAha-Moment\u201c bei dem du dachtest: Jetzt mache ich mit!<\/strong><br>Als mir klar wurde, dass man nicht immer nur meckern kann, wenn man etwas ver\u00e4ndern m\u00f6chte, sondern sich selbst einbringen muss.<\/li>\n<\/ul>\n\n\n\n<p class=\"has-text-align-center\"><strong>Sie m\u00f6chten mit Cornelia M\u00fcller-Dieker ins Gespr\u00e4ch kommen?&nbsp;<\/strong><br>Gerne per E-Mail an <a href=\"mailto:mueller-dieker@fdp-porta.de\" target=\"_blank\" rel=\"noreferrer noopener\">mueller-dieker@fdp-porta.de<\/a>&nbsp;<\/p>\n\n\n\n<p><\/p>\n\n\n\n<p><\/p>\n","protected":false},"excerpt":{"rendered":"<p>Ihre FDP-Kandidatin f\u00fcr Wahlbezirk 1 \u2013 Barkhausen-S\u00fcd Mit Herz f\u00fcr Barkhausen \u2013 mit Verantwortung f\u00fcr Porta. Cornelia M\u00fcller-Dieker ist in Porta Westfalica geboren und aufgewachsen \u2013 und ihrer Heimat bis heute eng verbunden. In Barkhausen lebt sie mit ihrer Familie, kennt die Menschen, die Themen und die Herausforderungen vor Ort. Als erfahrene Kommunalpolitikerin, Hotelbetriebswirtin im [&hellip;]<\/p>\n","protected":false},"author":5,"featured_media":0,"parent":0,"menu_order":0,"comment_status":"closed","ping_status":"closed","template":"","meta":{"footnotes":""},"class_list":["post-5230","page","type-page","status-publish","hentry"],"featured_image_src":null,"_links":{"self":[{"href":"https:\/\/fdp-porta.de\/FDP\/wp-json\/wp\/v2\/pages\/5230","targetHints":{"allow":["GET"]}}],"collection":[{"href":"https:\/\/fdp-porta.de\/FDP\/wp-json\/wp\/v2\/pages"}],"about":[{"href":"https:\/\/fdp-porta.de\/FDP\/wp-json\/wp\/v2\/types\/page"}],"author":[{"embeddable":true,"href":"https:\/\/fdp-porta.de\/FDP\/wp-json\/wp\/v2\/users\/5"}],"replies":[{"embeddable":true,"href":"https:\/\/fdp-porta.de\/FDP\/wp-json\/wp\/v2\/comments?post=5230"}],"version-history":[{"count":21,"href":"https:\/\/fdp-porta.de\/FDP\/wp-json\/wp\/v2\/pages\/5230\/revisions"}],"predecessor-version":[{"id":5434,"href":"https:\/\/fdp-porta.de\/FDP\/wp-json\/wp\/v2\/pages\/5230\/revisions\/5434"}],"wp:attachment":[{"href":"https:\/\/fdp-porta.de\/FDP\/wp-json\/wp\/v2\/media?parent=5230"}],"curies":[{"name":"wp","href":"https:\/\/api.w.org\/{rel}","templated":true}]}}