{"id":455,"date":"2014-02-15T13:14:37","date_gmt":"2014-02-15T11:14:37","guid":{"rendered":"http:\/\/fdp-porta.de\/FDP\/?page_id=455"},"modified":"2020-12-10T21:53:58","modified_gmt":"2020-12-10T19:53:58","slug":"cornelia-mueller-dieker","status":"publish","type":"page","link":"https:\/\/fdp-porta.de\/FDP\/kommunalwahl-2014\/wahlbezirkskandidaten\/cornelia-mueller-dieker\/","title":{"rendered":"Cornelia M\u00fcller-Dieker"},"content":{"rendered":"<p>Staatl. Gepr\u00fcfte Betriebswirtin Fachrichtung Hotel- und Gastst\u00e4ttengewerbe i. R.<\/p>\n<table border=\"0\" width=\"260\" cellspacing=\"0\" cellpadding=\"0\">\n<colgroup>\n<col width=\"65\" \/>\n<col width=\"195\" \/><\/colgroup>\n<tbody>\n<tr>\n<td width=\"65\" height=\"15\">\u00a0<a href=\"http:\/\/fdp-porta.de\/FDP\/wp-content\/uploads\/2020\/12\/Cornelia-M\u00fcller-Dieker-2020.jpg\"><img loading=\"lazy\" decoding=\"async\" class=\"alignnone wp-image-3851\" src=\"http:\/\/fdp-porta.de\/FDP\/wp-content\/uploads\/2020\/12\/Cornelia-M\u00fcller-Dieker-2020-274x300.jpg\" alt=\"\" width=\"200\" height=\"219\" srcset=\"https:\/\/fdp-porta.de\/FDP\/wp-content\/uploads\/2020\/12\/Cornelia-M\u00fcller-Dieker-2020-274x300.jpg 274w, https:\/\/fdp-porta.de\/FDP\/wp-content\/uploads\/2020\/12\/Cornelia-M\u00fcller-Dieker-2020-768x841.jpg 768w, https:\/\/fdp-porta.de\/FDP\/wp-content\/uploads\/2020\/12\/Cornelia-M\u00fcller-Dieker-2020-619x677.jpg 619w, https:\/\/fdp-porta.de\/FDP\/wp-content\/uploads\/2020\/12\/Cornelia-M\u00fcller-Dieker-2020.jpg 900w\" sizes=\"auto, (max-width: 200px) 100vw, 200px\" \/><\/a><\/td>\n<td width=\"195\">&nbsp;<\/p>\n<p>Lannertstra\u00dfe 8a<br \/>\n32457 Porta Westfalica<\/p>\n<p>Telefon:\u00a00571\/ 7798250<br \/>\n<span style=\"line-height: 1.5em;\">E-Mail: <a href=\"mailto:mueller-dieker@fdp-porta.de\">mueller-dieker@fdp-porta.de<\/a><\/span><\/td>\n<\/tr>\n<tr>\n<td style=\"text-align: justify;\" colspan=\"2\" width=\"260\" height=\"15\">\n<div>Cornelia M\u00fcller-Dieker ist seit 1994 in der Kommunalpolitik aktiv. Seit 2009 f\u00fchrt sie als Vorsitzende die FDP -Fraktion.<\/div>\n<div><\/div>\n<div>Sie engagiert sich im Haupt-und Finanzausschuss, Im Ausschuss f\u00fcr Feuerwehr und Rettungswesen sowie im Aufsichtsrat der Stadtwerke und im Verwaltungsrat der Sparkasse. Ein besonderes Anliegen ist ihr die St\u00e4rkung des Ehrenamtes.<\/div>\n<\/td>\n<\/tr>\n<\/tbody>\n<\/table>\n","protected":false},"excerpt":{"rendered":"<p>Staatl. Gepr\u00fcfte Betriebswirtin Fachrichtung Hotel- und Gastst\u00e4ttengewerbe i. R. \u00a0 &nbsp; Lannertstra\u00dfe 8a 32457 Porta Westfalica Telefon:\u00a00571\/ 7798250 E-Mail: mueller-dieker@fdp-porta.de Cornelia M\u00fcller-Dieker ist seit 1994 in der Kommunalpolitik aktiv. Seit 2009 f\u00fchrt sie als Vorsitzende die FDP -Fraktion. Sie engagiert sich im Haupt-und Finanzausschuss, Im Ausschuss f\u00fcr Feuerwehr und Rettungswesen sowie im Aufsichtsrat der Stadtwerke [&hellip;]<\/p>\n","protected":false},"author":1,"featured_media":0,"parent":67,"menu_order":0,"comment_status":"closed","ping_status":"closed","template":"","meta":{"footnotes":""},"class_list":["post-455","page","type-page","status-publish","hentry"],"featured_image_src":null,"_links":{"self":[{"href":"https:\/\/fdp-porta.de\/FDP\/wp-json\/wp\/v2\/pages\/455","targetHints":{"allow":["GET"]}}],"collection":[{"href":"https:\/\/fdp-porta.de\/FDP\/wp-json\/wp\/v2\/pages"}],"about":[{"href":"https:\/\/fdp-porta.de\/FDP\/wp-json\/wp\/v2\/types\/page"}],"author":[{"embeddable":true,"href":"https:\/\/fdp-porta.de\/FDP\/wp-json\/wp\/v2\/users\/1"}],"replies":[{"embeddable":true,"href":"https:\/\/fdp-porta.de\/FDP\/wp-json\/wp\/v2\/comments?post=455"}],"version-history":[{"count":0,"href":"https:\/\/fdp-porta.de\/FDP\/wp-json\/wp\/v2\/pages\/455\/revisions"}],"up":[{"embeddable":true,"href":"https:\/\/fdp-porta.de\/FDP\/wp-json\/wp\/v2\/pages\/67"}],"wp:attachment":[{"href":"https:\/\/fdp-porta.de\/FDP\/wp-json\/wp\/v2\/media?parent=455"}],"curies":[{"name":"wp","href":"https:\/\/api.w.org\/{rel}","templated":true}]}}