{"id":43,"date":"2014-02-07T23:12:12","date_gmt":"2014-02-07T21:12:12","guid":{"rendered":"http:\/\/fdp-porta.de\/?page_id=43"},"modified":"2026-04-24T20:33:58","modified_gmt":"2026-04-24T18:33:58","slug":"die-ratsmitglieder","status":"publish","type":"page","link":"https:\/\/fdp-porta.de\/FDP\/die-ratsmitglieder\/","title":{"rendered":"Die Ratsmitglieder"},"content":{"rendered":"<p style=\"text-align: center;\">Unsere Ratsmitglieder vertreten Ihre Interessen<br \/>\nim Rat der Stadt Porta Westfalica.<\/p>\n<p><a href=\"http:\/\/fdp-porta.de\/FDP\/wp-content\/uploads\/2020\/12\/Cornelia-M\u00fcller-Dieker-2020.jpg\"><img loading=\"lazy\" decoding=\"async\" class=\"alignnone wp-image-3851 aligncenter\" src=\"http:\/\/fdp-porta.de\/FDP\/wp-content\/uploads\/2020\/12\/Cornelia-M\u00fcller-Dieker-2020-274x300.jpg\" alt=\"\" width=\"300\" height=\"328\" srcset=\"https:\/\/fdp-porta.de\/FDP\/wp-content\/uploads\/2020\/12\/Cornelia-M\u00fcller-Dieker-2020-274x300.jpg 274w, https:\/\/fdp-porta.de\/FDP\/wp-content\/uploads\/2020\/12\/Cornelia-M\u00fcller-Dieker-2020-768x841.jpg 768w, https:\/\/fdp-porta.de\/FDP\/wp-content\/uploads\/2020\/12\/Cornelia-M\u00fcller-Dieker-2020-619x677.jpg 619w, https:\/\/fdp-porta.de\/FDP\/wp-content\/uploads\/2020\/12\/Cornelia-M\u00fcller-Dieker-2020.jpg 900w\" sizes=\"auto, (max-width: 300px) 100vw, 300px\" \/><\/a><\/p>\n<p style=\"text-align: center;\"><strong><a title=\"Cornelia M\u00fcller-Dieker\" href=\"http:\/\/fdp-porta.de\/FDP\/?page_id=455\"><big>Cornelia M\u00fcller-Dieker<\/big><\/a><br \/>\nFraktionsvorsitzende<br \/>\n<\/strong>Lannertstra\u00dfe 8a<br \/>\n32457 Porta Westfalica<br \/>\nTelefon: 0571 \/ 779 82 50<br \/>\nE-Mail: \u00a0<a href=\"mailto:mueller-dieker@fdp-porta.de\">mueller-dieker@fdp-porta.de<\/a><\/p>\n<p><a href=\"https:\/\/fdp-porta.de\/FDP\/wp-content\/uploads\/2025\/10\/Foto_Marc_Webseite_FDP_SV_900_918.jpg\"><img loading=\"lazy\" decoding=\"async\" class=\"wp-image-5488 size-medium aligncenter\" src=\"https:\/\/fdp-porta.de\/FDP\/wp-content\/uploads\/2025\/10\/Foto_Marc_Webseite_FDP_SV_900_918-294x300.jpg\" alt=\"\" width=\"294\" height=\"300\" srcset=\"https:\/\/fdp-porta.de\/FDP\/wp-content\/uploads\/2025\/10\/Foto_Marc_Webseite_FDP_SV_900_918-294x300.jpg 294w, https:\/\/fdp-porta.de\/FDP\/wp-content\/uploads\/2025\/10\/Foto_Marc_Webseite_FDP_SV_900_918-768x783.jpg 768w, https:\/\/fdp-porta.de\/FDP\/wp-content\/uploads\/2025\/10\/Foto_Marc_Webseite_FDP_SV_900_918.jpg 900w\" sizes=\"auto, (max-width: 294px) 100vw, 294px\" \/><\/a><\/p>\n<p style=\"text-align: center;\"><a title=\"Dirk Neitmann\" href=\"http:\/\/fdp-porta.de\/FDP\/?page_id=5259\"><big><strong>Marc Kornhardt<\/strong><\/big><\/a><strong><br \/>\n<\/strong><strong>stellv. Fraktionsvorsitzender &amp; Fraktionsgesch\u00e4ftsf\u00fchrer<br \/>\n<\/strong>Neue Friedhofstra\u00dfe 9a<br \/>\n32457 Porta Westfalica<br \/>\nTelefon: 0571 \/ 97308702<br \/>\nE-Mail: \u00a0<a href=\"mailto:kornhardt@fdp-porta.de\">kornhardt@fdp-porta.de<\/a><\/p>\n","protected":false},"excerpt":{"rendered":"<p>Unsere Ratsmitglieder vertreten Ihre Interessen im Rat der Stadt Porta Westfalica. Cornelia M\u00fcller-Dieker Fraktionsvorsitzende Lannertstra\u00dfe 8a 32457 Porta Westfalica Telefon: 0571 \/ 779 82 50 E-Mail: \u00a0mueller-dieker@fdp-porta.de Marc Kornhardt stellv. Fraktionsvorsitzender &amp; Fraktionsgesch\u00e4ftsf\u00fchrer Neue Friedhofstra\u00dfe 9a 32457 Porta Westfalica Telefon: 0571 \/ 97308702 E-Mail: \u00a0kornhardt@fdp-porta.de<\/p>\n","protected":false},"author":1,"featured_media":0,"parent":0,"menu_order":0,"comment_status":"closed","ping_status":"open","template":"","meta":{"footnotes":""},"class_list":["post-43","page","type-page","status-publish","hentry"],"featured_image_src":null,"_links":{"self":[{"href":"https:\/\/fdp-porta.de\/FDP\/wp-json\/wp\/v2\/pages\/43","targetHints":{"allow":["GET"]}}],"collection":[{"href":"https:\/\/fdp-porta.de\/FDP\/wp-json\/wp\/v2\/pages"}],"about":[{"href":"https:\/\/fdp-porta.de\/FDP\/wp-json\/wp\/v2\/types\/page"}],"author":[{"embeddable":true,"href":"https:\/\/fdp-porta.de\/FDP\/wp-json\/wp\/v2\/users\/1"}],"replies":[{"embeddable":true,"href":"https:\/\/fdp-porta.de\/FDP\/wp-json\/wp\/v2\/comments?post=43"}],"version-history":[{"count":7,"href":"https:\/\/fdp-porta.de\/FDP\/wp-json\/wp\/v2\/pages\/43\/revisions"}],"predecessor-version":[{"id":5620,"href":"https:\/\/fdp-porta.de\/FDP\/wp-json\/wp\/v2\/pages\/43\/revisions\/5620"}],"wp:attachment":[{"href":"https:\/\/fdp-porta.de\/FDP\/wp-json\/wp\/v2\/media?parent=43"}],"curies":[{"name":"wp","href":"https:\/\/api.w.org\/{rel}","templated":true}]}}