{"id":401,"date":"2014-02-08T20:10:33","date_gmt":"2014-02-08T18:10:33","guid":{"rendered":"http:\/\/fdp-porta.de\/FDP\/?page_id=401"},"modified":"2014-02-09T14:32:49","modified_gmt":"2014-02-09T12:32:49","slug":"spende-via-paypal","status":"publish","type":"page","link":"https:\/\/fdp-porta.de\/FDP\/spende-via-paypal\/","title":{"rendered":"Spende via Paypal"},"content":{"rendered":"<p>Auch wir versuchen mit der Zeit zu gehen, und m\u00f6chten Ihnen hier die Spende via Paypal anbieten.<\/p>\n<p><strong>Bitte geben Sie zwingend bei der Zahlmitteilung (erscheint in der Pay<\/strong><strong>Pal Abwicklung) Ihren vollst\u00e4ndigen Namen und Ihre Adresse an, nur so k\u00f6nnen wir die Spendenmittel entsprechend nutzen, und Ihnen eine Spendenquittung zukommen lassen.<\/strong><\/p>\n<p><strong>Sie finden das Feld zur Namens und Adresseingabe, indem Sie, nachdem Sie sich eingeloggt haben, auf den Schriftzug &#8222;HIER KLICKEN UND NAMEN ANGEBEN!!!!!!&#8220; klicken.<\/strong><\/p>\n<p>Die Spendenquittung bel\u00e4uft sich auf Ihren Spendenbetrag abz\u00fcglich der von Paypal erhobenen Geb\u00fchren (1,2% der Spendensumme + 0,35 Euro).<\/p>\n<p>Vielen Dank.<\/p>\n<p>Bitte w\u00e4hlen Sie den Betrag den Sie spenden m\u00f6chten, und w\u00e4hlen Sie den entsprechenden Button:<\/p>\n<p>&nbsp;<\/p>\n<hr \/>\n<p><strong>5 Euro jetzt per PayPal spenden:<\/strong><\/p>\n<form action=\"https:\/\/www.paypal.com\/cgi-bin\/webscr\" method=\"post\" target=\"_top\"><input type=\"hidden\" name=\"cmd\" value=\"_s-xclick\" \/><br \/>\n<input type=\"hidden\" name=\"hosted_button_id\" value=\"W2PQAD69BEAU8\" \/><br \/>\n<input type=\"image\" alt=\"Jetzt einfach, schnell und sicher online bezahlen \u2013 mit PayPal.\" name=\"submit\" src=\"https:\/\/www.paypalobjects.com\/de_DE\/DE\/i\/btn\/btn_donate_SM.gif\" \/><br \/>\n<img loading=\"lazy\" decoding=\"async\" alt=\"\" src=\"https:\/\/www.paypalobjects.com\/de_DE\/i\/scr\/pixel.gif\" width=\"1\" height=\"1\" border=\"0\" \/><\/form>\n<hr \/>\n<p><strong>15 Euro jetzt per PayPal spenden:<\/strong><\/p>\n<form action=\"https:\/\/www.paypal.com\/cgi-bin\/webscr\" method=\"post\" target=\"_top\"><input type=\"hidden\" name=\"cmd\" value=\"_s-xclick\" \/><br \/>\n<input type=\"hidden\" name=\"hosted_button_id\" value=\"YECZ88VBLJDP8\" \/><br \/>\n<input type=\"image\" alt=\"Jetzt einfach, schnell und sicher online bezahlen \u2013 mit PayPal.\" name=\"submit\" src=\"https:\/\/www.paypalobjects.com\/de_DE\/DE\/i\/btn\/btn_donate_SM.gif\" \/><br \/>\n<img loading=\"lazy\" decoding=\"async\" alt=\"\" src=\"https:\/\/www.paypalobjects.com\/de_DE\/i\/scr\/pixel.gif\" width=\"1\" height=\"1\" border=\"0\" \/><\/form>\n<hr \/>\n<p><strong>25 Euro jetzt per PayPal spenden:<\/strong><\/p>\n<form action=\"https:\/\/www.paypal.com\/cgi-bin\/webscr\" method=\"post\" target=\"_top\"><input type=\"hidden\" name=\"cmd\" value=\"_s-xclick\" \/><br \/>\n<input type=\"hidden\" name=\"hosted_button_id\" value=\"5UB7CTE9PR27C\" \/><br \/>\n<input type=\"image\" alt=\"Jetzt einfach, schnell und sicher online bezahlen \u2013 mit PayPal.\" name=\"submit\" src=\"https:\/\/www.paypalobjects.com\/de_DE\/DE\/i\/btn\/btn_donate_SM.gif\" \/><br \/>\n<img loading=\"lazy\" decoding=\"async\" alt=\"\" src=\"https:\/\/www.paypalobjects.com\/de_DE\/i\/scr\/pixel.gif\" width=\"1\" height=\"1\" border=\"0\" \/><\/form>\n<hr \/>\n<p><strong>50 Euro jetzt per PayPal spenden:<\/strong><\/p>\n<form action=\"https:\/\/www.paypal.com\/cgi-bin\/webscr\" method=\"post\" target=\"_top\"><input type=\"hidden\" name=\"cmd\" value=\"_s-xclick\" \/><br \/>\n<input type=\"hidden\" name=\"hosted_button_id\" value=\"QCDEDUNA5LYDE\" \/><br \/>\n<input type=\"image\" alt=\"Jetzt einfach, schnell und sicher online bezahlen \u2013 mit PayPal.\" name=\"submit\" src=\"https:\/\/www.paypalobjects.com\/de_DE\/DE\/i\/btn\/btn_donate_SM.gif\" \/><br \/>\n<img loading=\"lazy\" decoding=\"async\" alt=\"\" src=\"https:\/\/www.paypalobjects.com\/de_DE\/i\/scr\/pixel.gif\" width=\"1\" height=\"1\" border=\"0\" \/><\/form>\n<hr \/>\n<p><strong>100 Euro jetzt per PayPal spenden:<\/strong><\/p>\n<form action=\"https:\/\/www.paypal.com\/cgi-bin\/webscr\" method=\"post\" target=\"_top\"><input type=\"hidden\" name=\"cmd\" value=\"_s-xclick\" \/><br \/>\n<input type=\"hidden\" name=\"hosted_button_id\" value=\"DL6NKKBTV8DUN\" \/><br \/>\n<input type=\"image\" alt=\"Jetzt einfach, schnell und sicher online bezahlen \u2013 mit PayPal.\" name=\"submit\" src=\"https:\/\/www.paypalobjects.com\/de_DE\/DE\/i\/btn\/btn_donate_SM.gif\" \/><br \/>\n<img loading=\"lazy\" decoding=\"async\" alt=\"\" src=\"https:\/\/www.paypalobjects.com\/de_DE\/i\/scr\/pixel.gif\" width=\"1\" height=\"1\" border=\"0\" \/><\/form>\n","protected":false},"excerpt":{"rendered":"<p>Auch wir versuchen mit der Zeit zu gehen, und m\u00f6chten Ihnen hier die Spende via Paypal anbieten. Bitte geben Sie zwingend bei der Zahlmitteilung (erscheint in der PayPal Abwicklung) Ihren vollst\u00e4ndigen Namen und Ihre Adresse an, nur so k\u00f6nnen wir die Spendenmittel entsprechend nutzen, und Ihnen eine Spendenquittung zukommen lassen. Sie finden das Feld zur [&hellip;]<\/p>\n","protected":false},"author":1,"featured_media":0,"parent":0,"menu_order":0,"comment_status":"closed","ping_status":"closed","template":"","meta":{"footnotes":""},"class_list":["post-401","page","type-page","status-publish","hentry"],"featured_image_src":null,"_links":{"self":[{"href":"https:\/\/fdp-porta.de\/FDP\/wp-json\/wp\/v2\/pages\/401","targetHints":{"allow":["GET"]}}],"collection":[{"href":"https:\/\/fdp-porta.de\/FDP\/wp-json\/wp\/v2\/pages"}],"about":[{"href":"https:\/\/fdp-porta.de\/FDP\/wp-json\/wp\/v2\/types\/page"}],"author":[{"embeddable":true,"href":"https:\/\/fdp-porta.de\/FDP\/wp-json\/wp\/v2\/users\/1"}],"replies":[{"embeddable":true,"href":"https:\/\/fdp-porta.de\/FDP\/wp-json\/wp\/v2\/comments?post=401"}],"version-history":[{"count":0,"href":"https:\/\/fdp-porta.de\/FDP\/wp-json\/wp\/v2\/pages\/401\/revisions"}],"wp:attachment":[{"href":"https:\/\/fdp-porta.de\/FDP\/wp-json\/wp\/v2\/media?parent=401"}],"curies":[{"name":"wp","href":"https:\/\/api.w.org\/{rel}","templated":true}]}}