{"id":33,"date":"2014-02-07T23:02:24","date_gmt":"2014-02-07T21:02:24","guid":{"rendered":"http:\/\/fdp-porta.de\/?page_id=33"},"modified":"2026-03-15T10:30:22","modified_gmt":"2026-03-15T09:30:22","slug":"der-vorstand","status":"publish","type":"page","link":"https:\/\/fdp-porta.de\/FDP\/der-vorstand\/","title":{"rendered":"Der Vorstand"},"content":{"rendered":"\n<p class=\"has-text-align-center\"><strong>DIE PORTANER LIBERALEN \u2013 DER STADTVERBAND<br>DIE MENSCHEN HINTER DER FDP PORTA WESTFALICA<\/strong><\/p>\n\n\n\n<p>Im Stadtverband sind alle Mitglieder der FDP Porta Westfalica zusammengefasst.<\/p>\n\n\n\n<p>Der Stadtverband wird vom Vorsitzenden und seinen Stellvertretern gef\u00fchrt. Sie bilden gemeinsam mit den Beisitzern, dem Schriftf\u00fchrer und dem Schatzmeister den Vorstand, der alle zwei Jahre von der Mitgliederversammlung auf einem Ortsparteitag gew\u00e4hlt wird. Der FDP-Stadtverband in Porta Westfalica wurde 1954 gegr\u00fcndet und z\u00e4hlt z.Zt. ca. 50 Mitglieder.<\/p>\n\n\n\n<p><strong>Der Vorstand des FDP Stadtverbandes setzt sich nach dem Wahlergebnis des letzten Ortsparteitages vom 26. Februar 2026 wie folgt zusammen:<\/strong><\/p>\n\n\n\n<h3 class=\"wp-block-heading has-text-align-center\"><span style=\"text-decoration: underline;\">Vorsitzender<\/span><\/h3>\n\n\n<div class=\"wp-block-image\">\n<figure class=\"aligncenter size-full is-resized\"><a href=\"https:\/\/fdp-porta.de\/FDP\/wp-content\/uploads\/2020\/12\/Rolf-Tebbe-2020.jpg\"><img loading=\"lazy\" decoding=\"async\" width=\"900\" height=\"918\" src=\"https:\/\/fdp-porta.de\/FDP\/wp-content\/uploads\/2020\/12\/Rolf-Tebbe-2020.jpg\" alt=\"\" class=\"wp-image-3847\" style=\"aspect-ratio:0.980395732652503;width:307px;height:auto\" srcset=\"https:\/\/fdp-porta.de\/FDP\/wp-content\/uploads\/2020\/12\/Rolf-Tebbe-2020.jpg 900w, https:\/\/fdp-porta.de\/FDP\/wp-content\/uploads\/2020\/12\/Rolf-Tebbe-2020-294x300.jpg 294w, https:\/\/fdp-porta.de\/FDP\/wp-content\/uploads\/2020\/12\/Rolf-Tebbe-2020-768x783.jpg 768w, https:\/\/fdp-porta.de\/FDP\/wp-content\/uploads\/2020\/12\/Rolf-Tebbe-2020-619x631.jpg 619w\" sizes=\"auto, (max-width: 900px) 100vw, 900px\" \/><\/a><\/figure>\n<\/div>\n\n\n<p class=\"has-text-align-center\">Rolf Tebbe<br>Hacksiekstra\u00dfe 4<br>32457 Porta Westfalica<br>E-Mail: t<a href=\"mailto:tebbe@fdp-porta.de\" target=\"_blank\" rel=\"noreferrer noopener\">ebbe@fdp-porta.de<\/a><\/p>\n\n\n\n<hr class=\"wp-block-separator has-alpha-channel-opacity is-style-wide\"\/>\n\n\n\n<h3 class=\"wp-block-heading has-text-align-center\"><span style=\"text-decoration: underline;\">Stellvertretender Vorsitzende<\/span><\/h3>\n\n\n<div class=\"wp-block-image\">\n<figure class=\"aligncenter size-large is-resized\"><a href=\"https:\/\/fdp-porta.de\/FDP\/wp-content\/uploads\/2022\/02\/Ralf-Zuther.jpg\"><img loading=\"lazy\" decoding=\"async\" width=\"823\" height=\"1024\" src=\"https:\/\/fdp-porta.de\/FDP\/wp-content\/uploads\/2022\/02\/Ralf-Zuther-823x1024.jpg\" alt=\"\" class=\"wp-image-4472\" style=\"aspect-ratio:0.8037254018326574;width:306px;height:auto\" srcset=\"https:\/\/fdp-porta.de\/FDP\/wp-content\/uploads\/2022\/02\/Ralf-Zuther-823x1024.jpg 823w, https:\/\/fdp-porta.de\/FDP\/wp-content\/uploads\/2022\/02\/Ralf-Zuther-241x300.jpg 241w, https:\/\/fdp-porta.de\/FDP\/wp-content\/uploads\/2022\/02\/Ralf-Zuther-768x956.jpg 768w, https:\/\/fdp-porta.de\/FDP\/wp-content\/uploads\/2022\/02\/Ralf-Zuther.jpg 900w\" sizes=\"auto, (max-width: 823px) 100vw, 823px\" \/><\/a><\/figure>\n<\/div>\n\n\n<p class=\"has-text-align-center\">Ralf Zuther<br>E-Mail:\u00a0<a href=\"mailto:zuther@fdp-porta.de\" target=\"_blank\" rel=\"noreferrer noopener\">zuther@fdp-porta.de<\/a><\/p>\n\n\n\n<hr class=\"wp-block-separator has-alpha-channel-opacity is-style-wide\"\/>\n\n\n\n<h3 class=\"wp-block-heading has-text-align-center\"><span style=\"text-decoration: underline;\">Schatzmeister<\/span><\/h3>\n\n\n<div class=\"wp-block-image\">\n<figure class=\"aligncenter size-full is-resized\"><a href=\"https:\/\/fdp-porta.de\/FDP\/wp-content\/uploads\/2020\/12\/Oliver-Liedtke-2020.jpg\"><img loading=\"lazy\" decoding=\"async\" width=\"900\" height=\"989\" src=\"https:\/\/fdp-porta.de\/FDP\/wp-content\/uploads\/2020\/12\/Oliver-Liedtke-2020.jpg\" alt=\"\" class=\"wp-image-3849\" style=\"aspect-ratio:0.9100142189721714;width:310px;height:auto\" srcset=\"https:\/\/fdp-porta.de\/FDP\/wp-content\/uploads\/2020\/12\/Oliver-Liedtke-2020.jpg 900w, https:\/\/fdp-porta.de\/FDP\/wp-content\/uploads\/2020\/12\/Oliver-Liedtke-2020-273x300.jpg 273w, https:\/\/fdp-porta.de\/FDP\/wp-content\/uploads\/2020\/12\/Oliver-Liedtke-2020-768x844.jpg 768w, https:\/\/fdp-porta.de\/FDP\/wp-content\/uploads\/2020\/12\/Oliver-Liedtke-2020-619x680.jpg 619w\" sizes=\"auto, (max-width: 900px) 100vw, 900px\" \/><\/a><\/figure>\n<\/div>\n\n\n<p class=\"has-text-align-center\">Oliver Liedtke<br>E-Mail:\u00a0<a href=\"mailto:liedtke@fdp-porta.de\" target=\"_blank\" rel=\"noreferrer noopener\">liedtke@fdp-porta.de<\/a><\/p>\n\n\n\n<hr class=\"wp-block-separator has-alpha-channel-opacity is-style-wide\"\/>\n\n\n\n<h3 class=\"wp-block-heading alignwide has-text-align-center\"><span style=\"text-decoration: underline;\">Fraktionsvorsitzende<\/span><\/h3>\n\n\n<div class=\"wp-block-image\">\n<figure class=\"aligncenter size-full is-resized\"><a href=\"https:\/\/fdp-porta.de\/FDP\/wp-content\/uploads\/2020\/12\/Cornelia-M\u00fcller-Dieker-2020.jpg\"><img loading=\"lazy\" decoding=\"async\" width=\"900\" height=\"985\" src=\"https:\/\/fdp-porta.de\/FDP\/wp-content\/uploads\/2020\/12\/Cornelia-M\u00fcller-Dieker-2020.jpg\" alt=\"\" class=\"wp-image-3851\" style=\"aspect-ratio:0.913710760235906;width:310px;height:auto\" srcset=\"https:\/\/fdp-porta.de\/FDP\/wp-content\/uploads\/2020\/12\/Cornelia-M\u00fcller-Dieker-2020.jpg 900w, https:\/\/fdp-porta.de\/FDP\/wp-content\/uploads\/2020\/12\/Cornelia-M\u00fcller-Dieker-2020-274x300.jpg 274w, https:\/\/fdp-porta.de\/FDP\/wp-content\/uploads\/2020\/12\/Cornelia-M\u00fcller-Dieker-2020-768x841.jpg 768w, https:\/\/fdp-porta.de\/FDP\/wp-content\/uploads\/2020\/12\/Cornelia-M\u00fcller-Dieker-2020-619x677.jpg 619w\" sizes=\"auto, (max-width: 900px) 100vw, 900px\" \/><\/a><\/figure>\n<\/div>\n\n\n<p class=\"has-text-align-center\">Cornelia M\u00fcller-Dieker<br>E-Mail:\u00a0<a href=\"mailto:mueller-dieker@fdp-porta.de\" target=\"_blank\" rel=\"noreferrer noopener\">mueller-dieker@fdp-porta.de<\/a><\/p>\n\n\n\n<hr class=\"wp-block-separator has-alpha-channel-opacity is-style-wide\"\/>\n\n\n\n<h3 class=\"wp-block-heading has-text-align-center\"><span style=\"text-decoration: underline;\">Schriftf\u00fchrer<\/span><\/h3>\n\n\n<div class=\"wp-block-image\">\n<figure class=\"aligncenter size-full is-resized\"><a href=\"https:\/\/fdp-porta.de\/FDP\/wp-content\/uploads\/2025\/10\/Foto_Marc_Webseite_FDP_SV_900_918.jpg\"><img loading=\"lazy\" decoding=\"async\" width=\"900\" height=\"918\" src=\"https:\/\/fdp-porta.de\/FDP\/wp-content\/uploads\/2025\/10\/Foto_Marc_Webseite_FDP_SV_900_918.jpg\" alt=\"\" class=\"wp-image-5488\" style=\"aspect-ratio:0.980395732652503;width:302px;height:auto\" srcset=\"https:\/\/fdp-porta.de\/FDP\/wp-content\/uploads\/2025\/10\/Foto_Marc_Webseite_FDP_SV_900_918.jpg 900w, https:\/\/fdp-porta.de\/FDP\/wp-content\/uploads\/2025\/10\/Foto_Marc_Webseite_FDP_SV_900_918-294x300.jpg 294w, https:\/\/fdp-porta.de\/FDP\/wp-content\/uploads\/2025\/10\/Foto_Marc_Webseite_FDP_SV_900_918-768x783.jpg 768w\" sizes=\"auto, (max-width: 900px) 100vw, 900px\" \/><\/a><\/figure>\n<\/div>\n\n\n<p class=\"has-text-align-center\">Marc Kornhardt<br>E-Mail:\u00a0<a href=\"mailto:kornhardt@fdp-porta.de\" target=\"_blank\" rel=\"noreferrer noopener\">kornhardt@fdp-porta.de<\/a><\/p>\n\n\n\n<hr class=\"wp-block-separator has-alpha-channel-opacity is-style-wide\"\/>\n\n\n\n<h3 class=\"wp-block-heading has-text-align-center\"><span style=\"text-decoration: underline;\">Beisitzer<\/span><\/h3>\n\n\n<div class=\"wp-block-image\">\n<figure class=\"aligncenter size-full is-resized\"><a href=\"https:\/\/fdp-porta.de\/FDP\/wp-content\/uploads\/2020\/12\/Dirk-Neitmann-2020.jpg\"><img loading=\"lazy\" decoding=\"async\" width=\"900\" height=\"940\" src=\"https:\/\/fdp-porta.de\/FDP\/wp-content\/uploads\/2020\/12\/Dirk-Neitmann-2020.jpg\" alt=\"\" class=\"wp-image-3860\" style=\"aspect-ratio:0.957452492475378;width:308px;height:auto\" srcset=\"https:\/\/fdp-porta.de\/FDP\/wp-content\/uploads\/2020\/12\/Dirk-Neitmann-2020.jpg 900w, https:\/\/fdp-porta.de\/FDP\/wp-content\/uploads\/2020\/12\/Dirk-Neitmann-2020-287x300.jpg 287w, https:\/\/fdp-porta.de\/FDP\/wp-content\/uploads\/2020\/12\/Dirk-Neitmann-2020-768x802.jpg 768w, https:\/\/fdp-porta.de\/FDP\/wp-content\/uploads\/2020\/12\/Dirk-Neitmann-2020-619x647.jpg 619w\" sizes=\"auto, (max-width: 900px) 100vw, 900px\" \/><\/a><\/figure>\n<\/div>\n\n\n<p class=\"has-text-align-center\">Dirk Neitmann<br>E-Mail:\u00a0<a href=\"mailto:neitmann@fdp-porta.de\" target=\"_blank\" rel=\"noreferrer noopener\">neitmann@fdp-porta.de<\/a><\/p>\n\n\n<div class=\"wp-block-image\">\n<figure class=\"aligncenter size-full is-resized\"><a href=\"https:\/\/fdp-porta.de\/FDP\/wp-content\/uploads\/2020\/12\/Michael-Reinhardt-2020.jpg\"><img loading=\"lazy\" decoding=\"async\" width=\"900\" height=\"923\" src=\"https:\/\/fdp-porta.de\/FDP\/wp-content\/uploads\/2020\/12\/Michael-Reinhardt-2020.jpg\" alt=\"\" class=\"wp-image-3864\" style=\"aspect-ratio:0.9750965846226398;width:316px;height:auto\" srcset=\"https:\/\/fdp-porta.de\/FDP\/wp-content\/uploads\/2020\/12\/Michael-Reinhardt-2020.jpg 900w, https:\/\/fdp-porta.de\/FDP\/wp-content\/uploads\/2020\/12\/Michael-Reinhardt-2020-293x300.jpg 293w, https:\/\/fdp-porta.de\/FDP\/wp-content\/uploads\/2020\/12\/Michael-Reinhardt-2020-768x788.jpg 768w, https:\/\/fdp-porta.de\/FDP\/wp-content\/uploads\/2020\/12\/Michael-Reinhardt-2020-619x635.jpg 619w\" sizes=\"auto, (max-width: 900px) 100vw, 900px\" \/><\/a><\/figure>\n<\/div>\n\n\n<p class=\"has-text-align-center\">Michael Reinhardt<br>E-Mail: <a href=\"mailto:reinhardt@fdp-porta.de\" target=\"_blank\" rel=\"noreferrer noopener\">reinhardt@fdp-porta.de<\/a><\/p>\n\n\n<div class=\"wp-block-image\">\n<figure class=\"aligncenter size-large is-resized\"><a href=\"https:\/\/fdp-porta.de\/FDP\/wp-content\/uploads\/2025\/07\/Kreis_Christoph-e1773563509514.jpg\"><img loading=\"lazy\" decoding=\"async\" width=\"900\" height=\"1024\" src=\"https:\/\/fdp-porta.de\/FDP\/wp-content\/uploads\/2025\/07\/Kreis_Christoph-e1773563509514-900x1024.jpg\" alt=\"\" class=\"wp-image-5451\" style=\"aspect-ratio:0.8789196612497139;width:306px;height:auto\" srcset=\"https:\/\/fdp-porta.de\/FDP\/wp-content\/uploads\/2025\/07\/Kreis_Christoph-e1773563509514-900x1024.jpg 900w, https:\/\/fdp-porta.de\/FDP\/wp-content\/uploads\/2025\/07\/Kreis_Christoph-e1773563509514-264x300.jpg 264w, https:\/\/fdp-porta.de\/FDP\/wp-content\/uploads\/2025\/07\/Kreis_Christoph-e1773563509514-768x874.jpg 768w, https:\/\/fdp-porta.de\/FDP\/wp-content\/uploads\/2025\/07\/Kreis_Christoph-e1773563509514-1350x1536.jpg 1350w, https:\/\/fdp-porta.de\/FDP\/wp-content\/uploads\/2025\/07\/Kreis_Christoph-e1773563509514.jpg 1365w\" sizes=\"auto, (max-width: 900px) 100vw, 900px\" \/><\/a><\/figure>\n<\/div>\n\n\n<p class=\"has-text-align-center\">Christoph Fiedler<br>E-Mail: <a href=\"mailto:fiedler@fdp-porta.de\">fiedler@fdp-porta.de<\/a><\/p>\n\n\n<div class=\"wp-block-image\">\n<figure class=\"aligncenter size-large is-resized\"><a href=\"https:\/\/fdp-porta.de\/FDP\/wp-content\/uploads\/2026\/03\/Lucas-Rohlfing.jpg\"><img loading=\"lazy\" decoding=\"async\" width=\"865\" height=\"1024\" src=\"https:\/\/fdp-porta.de\/FDP\/wp-content\/uploads\/2026\/03\/Lucas-Rohlfing-865x1024.jpg\" alt=\"\" class=\"wp-image-5578\" style=\"aspect-ratio:0.8447384547697239;width:313px;height:auto\" srcset=\"https:\/\/fdp-porta.de\/FDP\/wp-content\/uploads\/2026\/03\/Lucas-Rohlfing-865x1024.jpg 865w, https:\/\/fdp-porta.de\/FDP\/wp-content\/uploads\/2026\/03\/Lucas-Rohlfing-254x300.jpg 254w, https:\/\/fdp-porta.de\/FDP\/wp-content\/uploads\/2026\/03\/Lucas-Rohlfing-768x909.jpg 768w, https:\/\/fdp-porta.de\/FDP\/wp-content\/uploads\/2026\/03\/Lucas-Rohlfing-1298x1536.jpg 1298w, https:\/\/fdp-porta.de\/FDP\/wp-content\/uploads\/2026\/03\/Lucas-Rohlfing.jpg 1365w\" sizes=\"auto, (max-width: 865px) 100vw, 865px\" \/><\/a><\/figure>\n<\/div>\n\n\n<p class=\"has-text-align-center\">Lucas Rohlfing<br>E-Mail: <a href=\"mailto:rohlfing@fdp-porta.de\">rohlfing@fdp-porta.de<\/a><\/p>\n\n\n\n<hr class=\"wp-block-separator has-alpha-channel-opacity is-style-wide\"\/>\n\n\n\n<h3 class=\"wp-block-heading has-text-align-center\"><span style=\"text-decoration: underline;\">Kassenpr\u00fcfer<\/span><\/h3>\n\n\n<div class=\"wp-block-image\">\n<figure class=\"aligncenter size-large is-resized\"><a href=\"https:\/\/fdp-porta.de\/FDP\/wp-content\/uploads\/2026\/03\/Paula-Louise-Schmidt-Martens.jpg\"><img loading=\"lazy\" decoding=\"async\" width=\"738\" height=\"1024\" src=\"https:\/\/fdp-porta.de\/FDP\/wp-content\/uploads\/2026\/03\/Paula-Louise-Schmidt-Martens-738x1024.jpg\" alt=\"\" class=\"wp-image-5580\" style=\"aspect-ratio:0.7207088939940925;width:323px;height:auto\" srcset=\"https:\/\/fdp-porta.de\/FDP\/wp-content\/uploads\/2026\/03\/Paula-Louise-Schmidt-Martens-738x1024.jpg 738w, https:\/\/fdp-porta.de\/FDP\/wp-content\/uploads\/2026\/03\/Paula-Louise-Schmidt-Martens-216x300.jpg 216w, https:\/\/fdp-porta.de\/FDP\/wp-content\/uploads\/2026\/03\/Paula-Louise-Schmidt-Martens-768x1065.jpg 768w, https:\/\/fdp-porta.de\/FDP\/wp-content\/uploads\/2026\/03\/Paula-Louise-Schmidt-Martens.jpg 1023w\" sizes=\"auto, (max-width: 738px) 100vw, 738px\" \/><\/a><\/figure>\n<\/div>\n\n\n<p class=\"has-text-align-center\">Paula Louise Schmidt-Martens<br>E-Mail: <a href=\"mailto:schmidt-martens@fdp-porta.de\">schmidt-martens@fdp-porta.de<\/a><\/p>\n\n\n<div class=\"wp-block-image\">\n<figure class=\"aligncenter size-large is-resized\"><a href=\"https:\/\/fdp-porta.de\/FDP\/wp-content\/uploads\/2026\/03\/Susanne-Engelking.jpg\"><img loading=\"lazy\" decoding=\"async\" width=\"746\" height=\"1024\" src=\"https:\/\/fdp-porta.de\/FDP\/wp-content\/uploads\/2026\/03\/Susanne-Engelking-746x1024.jpg\" alt=\"\" class=\"wp-image-5581\" style=\"aspect-ratio:0.7285702149350097;width:322px;height:auto\" srcset=\"https:\/\/fdp-porta.de\/FDP\/wp-content\/uploads\/2026\/03\/Susanne-Engelking-746x1024.jpg 746w, https:\/\/fdp-porta.de\/FDP\/wp-content\/uploads\/2026\/03\/Susanne-Engelking-219x300.jpg 219w, https:\/\/fdp-porta.de\/FDP\/wp-content\/uploads\/2026\/03\/Susanne-Engelking-768x1054.jpg 768w, https:\/\/fdp-porta.de\/FDP\/wp-content\/uploads\/2026\/03\/Susanne-Engelking.jpg 1105w\" sizes=\"auto, (max-width: 746px) 100vw, 746px\" \/><\/a><\/figure>\n<\/div>\n\n\n<p class=\"has-text-align-center\">Susanne Engelking<br>E-Mail: <a href=\"mailto:engelking@fdp-porta.de\">engelking@fdp-porta.de<\/a><\/p>\n\n\n\n<p><\/p>\n","protected":false},"excerpt":{"rendered":"<p>DIE PORTANER LIBERALEN \u2013 DER STADTVERBANDDIE MENSCHEN HINTER DER FDP PORTA WESTFALICA Im Stadtverband sind alle Mitglieder der FDP Porta Westfalica zusammengefasst. Der Stadtverband wird vom Vorsitzenden und seinen Stellvertretern gef\u00fchrt. Sie bilden gemeinsam mit den Beisitzern, dem Schriftf\u00fchrer und dem Schatzmeister den Vorstand, der alle zwei Jahre von der Mitgliederversammlung auf einem Ortsparteitag gew\u00e4hlt [&hellip;]<\/p>\n","protected":false},"author":1,"featured_media":0,"parent":0,"menu_order":0,"comment_status":"closed","ping_status":"open","template":"","meta":{"footnotes":""},"class_list":["post-33","page","type-page","status-publish","hentry"],"featured_image_src":null,"_links":{"self":[{"href":"https:\/\/fdp-porta.de\/FDP\/wp-json\/wp\/v2\/pages\/33","targetHints":{"allow":["GET"]}}],"collection":[{"href":"https:\/\/fdp-porta.de\/FDP\/wp-json\/wp\/v2\/pages"}],"about":[{"href":"https:\/\/fdp-porta.de\/FDP\/wp-json\/wp\/v2\/types\/page"}],"author":[{"embeddable":true,"href":"https:\/\/fdp-porta.de\/FDP\/wp-json\/wp\/v2\/users\/1"}],"replies":[{"embeddable":true,"href":"https:\/\/fdp-porta.de\/FDP\/wp-json\/wp\/v2\/comments?post=33"}],"version-history":[{"count":22,"href":"https:\/\/fdp-porta.de\/FDP\/wp-json\/wp\/v2\/pages\/33\/revisions"}],"predecessor-version":[{"id":5586,"href":"https:\/\/fdp-porta.de\/FDP\/wp-json\/wp\/v2\/pages\/33\/revisions\/5586"}],"wp:attachment":[{"href":"https:\/\/fdp-porta.de\/FDP\/wp-json\/wp\/v2\/media?parent=33"}],"curies":[{"name":"wp","href":"https:\/\/api.w.org\/{rel}","templated":true}]}}