{"id":13,"date":"2014-02-07T22:29:28","date_gmt":"2014-02-07T20:29:28","guid":{"rendered":"http:\/\/fdp-porta.de\/?page_id=13"},"modified":"2026-04-03T15:27:08","modified_gmt":"2026-04-03T13:27:08","slug":"herzlich-willkommen","status":"publish","type":"page","link":"https:\/\/fdp-porta.de\/FDP\/","title":{"rendered":""},"content":{"rendered":"\n<figure class=\"wp-block-image size-full\"><a href=\"https:\/\/fdp-porta.de\/FDP\/wp-content\/uploads\/2025\/07\/Titelbild.jpg\"><img loading=\"lazy\" decoding=\"async\" width=\"900\" height=\"429\" src=\"https:\/\/fdp-porta.de\/FDP\/wp-content\/uploads\/2025\/07\/Titelbild.jpg\" alt=\"\" class=\"wp-image-5445\" srcset=\"https:\/\/fdp-porta.de\/FDP\/wp-content\/uploads\/2025\/07\/Titelbild.jpg 900w, https:\/\/fdp-porta.de\/FDP\/wp-content\/uploads\/2025\/07\/Titelbild-300x143.jpg 300w, https:\/\/fdp-porta.de\/FDP\/wp-content\/uploads\/2025\/07\/Titelbild-768x366.jpg 768w\" sizes=\"auto, (max-width: 900px) 100vw, 900px\" \/><\/a><\/figure>\n\n\n<p><strong>F\u00fcr ein starkes Porta Westfalica \u2013 liberal, modern, l\u00f6sungsorientiert.<\/strong><\/p>\n<p>Porta Westfalica ist unsere Heimat.<\/p>\n<p>Hier leben, arbeiten und engagieren wir uns \u2013 und genau deshalb setzen wir uns mit voller \u00dcberzeugung f\u00fcr eine Politik ein, die unsere Stadt voranbringt.<\/p>\n<p>Wir Freie Demokraten stehen f\u00fcr eine\u00a0<strong>pragmatische und sachorientierte Kommunalpolitik<\/strong>.<\/p>\n<p>F\u00fcr uns z\u00e4hlt nicht, von wem eine Idee kommt \u2013 sondern ob sie Porta Westfalica besser macht.<\/p>\n<p>Unser Anspruch ist klar:\u00a0<strong>l\u00f6sungsorientiert handeln, Verantwortung \u00fcbernehmen und Fortschritt erm\u00f6glichen.<\/strong><\/p>\n<hr \/>\n<h3>&#x1f4a1;\u00a0<strong>Unsere Haltung<\/strong><\/h3>\n<p>Gerade in wirtschaftlich herausfordernden Zeiten braucht es Entscheidungen mit Augenma\u00df.<br \/>Wir setzen uns daf\u00fcr ein,\u00a0<strong>solide zu wirtschaften<\/strong>, ohne die Lebensqualit\u00e4t in unserer Stadt aus dem Blick zu verlieren.<\/p>\n<ul>\n<li>weniger B\u00fcrokratie, mehr Handlungsspielraum<\/li>\n<li>klare Priorit\u00e4ten bei Investitionen<\/li>\n<li>eine moderne, b\u00fcrgernahe Verwaltung<\/li>\n<\/ul>\n<p>Denn gute Politik bedeutet f\u00fcr uns:\u00a0<strong>Freiheit erm\u00f6glichen, Chancen schaffen und Zukunft gestalten.<\/strong><\/p>\n<hr \/>\n<h3>&#x1f3d9;&#xfe0f;\u00a0<strong>Unsere Ziele f\u00fcr Porta Westfalica<\/strong><\/h3>\n<p>Wir wollen unsere Stadt\u00a0<strong>lebenswert, wirtschaftlich stark und zukunftsf\u00e4hig<\/strong>\u00a0weiterentwickeln.<\/p>\n<p>Daf\u00fcr stehen wir:<\/p>\n<ul>\n<li>eine starke lokale Wirtschaft und sichere Arbeitspl\u00e4tze<\/li>\n<li>moderne Infrastruktur und digitale Verwaltung<\/li>\n<li>attraktive Lebensbedingungen f\u00fcr Familien, junge Menschen und Unternehmen<\/li>\n<li>transparente, wie ideologiefreie Entscheidungen und echte B\u00fcrgern\u00e4he<\/li>\n<li>echter Abbauch von B\u00fcrokratie<\/li>\n<\/ul>\n<hr \/>\n<h3>&#x1f91d;\u00a0<strong>Gemeinsam f\u00fcr unsere Stadt<\/strong><\/h3>\n<p>Politik lebt vom Dialog. Deshalb ist uns der direkte Austausch mit Ihnen besonders wichtig.<\/p>\n<p>Ob Ideen, Kritik oder Engagement \u2013\u00a0<strong>wir h\u00f6ren zu und nehmen Sie ernst.<\/strong><br \/>Denn Porta Westfalica gestalten wir am besten gemeinsam.<\/p>\n<p>&#x1f4ac; Nehmen Sie gerne auch an den regelm\u00e4\u00dfig stattfindenden offenen Treffen teil.<br \/>&#x1f4c5; Wir informieren auf unserer Webseite \u00fcber die kommenden Termine.<\/p>\n<hr \/>\n<h3>&#x1f4ac; Das Team der FDP Porta<\/h3>\n<p>Erfahren Sie mehr \u00fcber die Personen des Stadtverbands.<\/p>\n<p>&#x1f449; <a href=\"https:\/\/fdp-porta.de\/FDP\/die-ratsmitglieder\/\" target=\"_blank\" rel=\"noopener\">Unsere Ratsmitglieder<\/a><br \/>&#x1f449; <a href=\"https:\/\/fdp-porta.de\/FDP\/die-fachausschussmitglieder\/\" target=\"_blank\" rel=\"noopener\">Unsere Fachausschussmitglieder<\/a><\/p>\n<hr \/>\n<h3>&#x1f680;\u00a0<strong>Jetzt mitmachen<\/strong><\/h3>\n<p>Sie m\u00f6chten sich einbringen, mitdiskutieren oder uns unterst\u00fctzen?<\/p>\n<p>Dann freuen wir uns auf Sie.<br \/><strong>Werden Sie Teil einer Politik, die anpackt statt verwaltet.<\/strong><\/p>\n<p>&#x1f449; Kontakt aufnehmen<br \/>&#x1f449; Mitglied werden<\/p>\n<hr \/>\n<p><strong>Ihr Team der FDP Porta Westfalica<br \/>Fuer Dein Porta &#x1f5fd;<\/strong><\/p>\n\n\n<hr class=\"wp-block-separator has-css-opacity is-style-wide\"\/>\n\n\n\n<p><strong>Termin\u00fcbersicht FDP Porta Westfalica<\/strong><\/p>\n\n\n<div class=\"r34ics-ajax-container loading\" id=\"r69dcae2ca48323b\" data-view=\"month\" data-view-is-list-style=\"0\" data-view-is-list-long=\"0\" data-args=\"c77b9be682fe02edc5f38fdc7940d680f5c0f82b\" data-js-args=\"{&quot;debug&quot;:null}\">&nbsp;<\/div>\n","protected":false},"excerpt":{"rendered":"<p>F\u00fcr ein starkes Porta Westfalica \u2013 liberal, modern, l\u00f6sungsorientiert. Porta Westfalica ist unsere Heimat. Hier leben, arbeiten und engagieren wir uns \u2013 und genau deshalb setzen wir uns mit voller \u00dcberzeugung f\u00fcr eine Politik ein, die unsere Stadt voranbringt. Wir Freie Demokraten stehen f\u00fcr eine\u00a0pragmatische und sachorientierte Kommunalpolitik. F\u00fcr uns z\u00e4hlt nicht, von wem eine [&hellip;]<\/p>\n","protected":false},"author":1,"featured_media":0,"parent":0,"menu_order":0,"comment_status":"closed","ping_status":"open","template":"","meta":{"footnotes":""},"class_list":["post-13","page","type-page","status-publish","hentry"],"featured_image_src":null,"_links":{"self":[{"href":"https:\/\/fdp-porta.de\/FDP\/wp-json\/wp\/v2\/pages\/13","targetHints":{"allow":["GET"]}}],"collection":[{"href":"https:\/\/fdp-porta.de\/FDP\/wp-json\/wp\/v2\/pages"}],"about":[{"href":"https:\/\/fdp-porta.de\/FDP\/wp-json\/wp\/v2\/types\/page"}],"author":[{"embeddable":true,"href":"https:\/\/fdp-porta.de\/FDP\/wp-json\/wp\/v2\/users\/1"}],"replies":[{"embeddable":true,"href":"https:\/\/fdp-porta.de\/FDP\/wp-json\/wp\/v2\/comments?post=13"}],"version-history":[{"count":26,"href":"https:\/\/fdp-porta.de\/FDP\/wp-json\/wp\/v2\/pages\/13\/revisions"}],"predecessor-version":[{"id":5593,"href":"https:\/\/fdp-porta.de\/FDP\/wp-json\/wp\/v2\/pages\/13\/revisions\/5593"}],"wp:attachment":[{"href":"https:\/\/fdp-porta.de\/FDP\/wp-json\/wp\/v2\/media?parent=13"}],"curies":[{"name":"wp","href":"https:\/\/api.w.org\/{rel}","templated":true}]}}