{"id":1256,"date":"2014-07-05T13:27:19","date_gmt":"2014-07-05T11:27:19","guid":{"rendered":"http:\/\/fdp-porta.de\/FDP\/?page_id=1256"},"modified":"2025-11-14T13:39:38","modified_gmt":"2025-11-14T12:39:38","slug":"mitglieder-sonstiger-gremien","status":"publish","type":"page","link":"https:\/\/fdp-porta.de\/FDP\/gremien\/mitglieder-sonstiger-gremien\/","title":{"rendered":"Sonstige Gremien"},"content":{"rendered":"\n<p><span style=\"font-size: revert; color: initial;\">Neben dem Rat, den Fach- und Bezirksaussch\u00fcssen gibt es noch weitere Gremien, in denen wir f\u00fcr Sie vertreten sind.<\/span><\/p>\n\n\n\n<figure class=\"wp-block-table\"><table><tbody><tr><td class=\"has-text-align-left\" data-align=\"left\"><strong>Sonstige Gremien<\/strong><\/td><td class=\"has-text-align-center\" data-align=\"center\"><strong>Mitglied<\/strong><\/td><td class=\"has-text-align-center\" data-align=\"center\"><strong>Vertretung<\/strong><\/td><\/tr><tr><td class=\"has-text-align-left\" data-align=\"left\">Aufsichtsrat Stadtwerke Porta Westfalica<\/td><td class=\"has-text-align-center\" data-align=\"center\"><a href=\"mailto:mueller-dieker@fdp-porta.de\">Cornelia M\u00fcller-Dieker<\/a><\/td><td class=\"has-text-align-center\" data-align=\"center\"><a href=\"mailto:neitmann@fdp-porta.de\">Dirk Neitmann<\/a><\/td><\/tr><tr><td class=\"has-text-align-left\" data-align=\"left\">Zweckverband SSK<\/td><td class=\"has-text-align-center\" data-align=\"center\"><a href=\"mailto:mueller-dieker@fdp-porta.de\">Cornelia M\u00fcller-Dieker<\/a><\/td><td class=\"has-text-align-center\" data-align=\"center\"><a href=\"mailto:neitmann@fdp-porta.de\">Dirk Neitmann<\/a><\/td><\/tr><tr><td class=\"has-text-align-left\" data-align=\"left\">Seniorenbeirat<\/td><td class=\"has-text-align-center\" data-align=\"center\"><a href=\"mailto:mueller@fdp-porta.de\">Thomas M\u00fcller<\/a><\/td><td class=\"has-text-align-center\" data-align=\"center\"><a href=\"mailto:pottkamp@fdp-porta.de\">Wilhelm Pottkamp<\/a><\/td><\/tr><tr><td class=\"has-text-align-left\" data-align=\"left\">Zweckverband OWL IT<\/td><td class=\"has-text-align-center\" data-align=\"center\"><a href=\"mailto:neitmann@fdp-porta.de\">Dirk Neitmann<\/a><\/td><td class=\"has-text-align-center\" data-align=\"center\">&#8211;<\/td><\/tr><\/tbody><\/table><\/figure>\n\n\n\n<p class=\"has-text-align-left\"><span style=\"font-size: revert; color: initial;\">Durch Klick auf den jeweiligen Namen k\u00f6nnen Sie eine E-Mail an die jeweilige Person verfassen.<\/span><\/p>\n","protected":false},"excerpt":{"rendered":"<p>Neben dem Rat, den Fach- und Bezirksaussch\u00fcssen gibt es noch weitere Gremien, in denen wir f\u00fcr Sie vertreten sind. Sonstige Gremien Mitglied Vertretung Aufsichtsrat Stadtwerke Porta Westfalica Cornelia M\u00fcller-Dieker Dirk Neitmann Zweckverband SSK Cornelia M\u00fcller-Dieker Dirk Neitmann Seniorenbeirat Thomas M\u00fcller Wilhelm Pottkamp Zweckverband OWL IT Dirk Neitmann &#8211; Durch Klick auf den jeweiligen Namen k\u00f6nnen [&hellip;]<\/p>\n","protected":false},"author":1,"featured_media":0,"parent":60,"menu_order":0,"comment_status":"closed","ping_status":"closed","template":"","meta":{"footnotes":""},"class_list":["post-1256","page","type-page","status-publish","hentry"],"featured_image_src":null,"_links":{"self":[{"href":"https:\/\/fdp-porta.de\/FDP\/wp-json\/wp\/v2\/pages\/1256","targetHints":{"allow":["GET"]}}],"collection":[{"href":"https:\/\/fdp-porta.de\/FDP\/wp-json\/wp\/v2\/pages"}],"about":[{"href":"https:\/\/fdp-porta.de\/FDP\/wp-json\/wp\/v2\/types\/page"}],"author":[{"embeddable":true,"href":"https:\/\/fdp-porta.de\/FDP\/wp-json\/wp\/v2\/users\/1"}],"replies":[{"embeddable":true,"href":"https:\/\/fdp-porta.de\/FDP\/wp-json\/wp\/v2\/comments?post=1256"}],"version-history":[{"count":10,"href":"https:\/\/fdp-porta.de\/FDP\/wp-json\/wp\/v2\/pages\/1256\/revisions"}],"predecessor-version":[{"id":5526,"href":"https:\/\/fdp-porta.de\/FDP\/wp-json\/wp\/v2\/pages\/1256\/revisions\/5526"}],"up":[{"embeddable":true,"href":"https:\/\/fdp-porta.de\/FDP\/wp-json\/wp\/v2\/pages\/60"}],"wp:attachment":[{"href":"https:\/\/fdp-porta.de\/FDP\/wp-json\/wp\/v2\/media?parent=1256"}],"curies":[{"name":"wp","href":"https:\/\/api.w.org\/{rel}","templated":true}]}}